{"id":4249,"date":"2024-03-13T15:50:58","date_gmt":"2024-03-13T15:50:58","guid":{"rendered":"https:\/\/gicopa.be\/index.php\/pour-les-professionels\/"},"modified":"2026-02-02T09:20:10","modified_gmt":"2026-02-02T09:20:10","slug":"pour-les-professionels","status":"publish","type":"page","link":"https:\/\/gicopa.be\/index.php\/pour-les-professionels\/?lang=es","title":{"rendered":"profesionales"},"content":{"rendered":"\t\t<div data-elementor-type=\"wp-page\" data-elementor-id=\"4249\" class=\"elementor elementor-4249 elementor-325\" data-elementor-post-type=\"page\">\n\t\t\t\t<div class=\"elementor-element elementor-element-111cadf e-con-full e-flex e-con e-parent\" data-id=\"111cadf\" data-element_type=\"container\" data-e-type=\"container\" data-settings=\"{&quot;background_background&quot;:&quot;classic&quot;}\">\n\t\t<div class=\"elementor-element elementor-element-2389ca6 e-flex e-con-boxed e-con e-child\" data-id=\"2389ca6\" data-element_type=\"container\" data-e-type=\"container\">\n\t\t\t\t\t<div class=\"e-con-inner\">\n\t\t<div class=\"elementor-element elementor-element-812cc30 e-con-full e-flex e-con e-child\" data-id=\"812cc30\" data-element_type=\"container\" data-e-type=\"container\">\n\t\t<div class=\"elementor-element elementor-element-63a8211 e-con-full e-flex e-con e-child\" data-id=\"63a8211\" data-element_type=\"container\" data-e-type=\"container\">\n\t\t\t\t<div class=\"elementor-element elementor-element-b767284 elementor-widget elementor-widget-text-editor\" data-id=\"b767284\" data-element_type=\"widget\" data-e-type=\"widget\" data-widget_type=\"text-editor.default\">\n\t\t\t\t<div class=\"elementor-widget-container\">\n\t\t\t\t\t\t\t\t\t<p>Para<\/p>\t\t\t\t\t\t\t\t<\/div>\n\t\t\t\t<\/div>\n\t\t\t\t<\/div>\n\t\t\t\t<div class=\"elementor-element elementor-element-7258ee2 elementor-widget elementor-widget-text-editor\" data-id=\"7258ee2\" data-element_type=\"widget\" data-e-type=\"widget\" data-widget_type=\"text-editor.default\">\n\t\t\t\t<div class=\"elementor-widget-container\">\n\t\t\t\t\t\t\t\t\t<p>profesionales<\/p>\t\t\t\t\t\t\t\t<\/div>\n\t\t\t\t<\/div>\n\t\t\t\t<\/div>\n\t\t\t\t\t<\/div>\n\t\t\t\t<\/div>\n\t\t\t\t<\/div>\n\t\t<div class=\"elementor-element elementor-element-dc4ec4c e-flex e-con-boxed e-con e-parent\" data-id=\"dc4ec4c\" data-element_type=\"container\" data-e-type=\"container\">\n\t\t\t\t\t<div class=\"e-con-inner\">\n\t\t<div class=\"elementor-element elementor-element-049c893 e-flex e-con-boxed e-con e-child\" data-id=\"049c893\" data-element_type=\"container\" data-e-type=\"container\">\n\t\t\t\t\t<div class=\"e-con-inner\">\n\t\t\t\t<div class=\"elementor-element elementor-element-d192659 elementor-widget elementor-widget-spacer\" data-id=\"d192659\" data-element_type=\"widget\" data-e-type=\"widget\" data-widget_type=\"spacer.default\">\n\t\t\t\t<div class=\"elementor-widget-container\">\n\t\t\t\t\t\t\t<div class=\"elementor-spacer\">\n\t\t\t<div class=\"elementor-spacer-inner\"><\/div>\n\t\t<\/div>\n\t\t\t\t\t\t<\/div>\n\t\t\t\t<\/div>\n\t\t\t\t<div class=\"elementor-element elementor-element-e12f710 elementor-widget elementor-widget-text-editor\" data-id=\"e12f710\" data-element_type=\"widget\" data-e-type=\"widget\" data-widget_type=\"text-editor.default\">\n\t\t\t\t<div class=\"elementor-widget-container\">\n\t\t\t\t\t\t\t\t\t<p>Gicopa, que se distribuye con \u00e9xito en B\u00e9lgica a trav\u00e9s de peque\u00f1as tiendas, as\u00ed como en Delhaize, Colruyt y Carrefour, est\u00e1 ahora disponible en otros 10 pa\u00edses, incluido Estados Unidos y Chile y sus exportaciones aumentan a\u00f1o tras a\u00f1o. Somos una empresa peque\u00f1a pero eficiente que combina la m\u00e1xima calidad con precios competitivos. Gicopa, con certificaci\u00f3n FSSC22000, ofrece un enfoque reactivo y personalizado para productos de marca, a granel y para pedidos especiales. Hablamos siete idiomas y somos capaces de etiquetar e imprimir en tiempo real en el idioma que usted elija.<\/p>\t\t\t\t\t\t\t\t<\/div>\n\t\t\t\t<\/div>\n\t\t\t\t<div class=\"elementor-element elementor-element-f8ab40c elementor-widget elementor-widget-spacer\" data-id=\"f8ab40c\" data-element_type=\"widget\" data-e-type=\"widget\" data-widget_type=\"spacer.default\">\n\t\t\t\t<div class=\"elementor-widget-container\">\n\t\t\t\t\t\t\t<div class=\"elementor-spacer\">\n\t\t\t<div class=\"elementor-spacer-inner\"><\/div>\n\t\t<\/div>\n\t\t\t\t\t\t<\/div>\n\t\t\t\t<\/div>\n\t\t\t\t\t<\/div>\n\t\t\t\t<\/div>\n\t\t\t\t\t<\/div>\n\t\t\t\t<\/div>\n\t\t<div class=\"elementor-element elementor-element-a83ea4b e-flex e-con-boxed e-con e-parent\" data-id=\"a83ea4b\" data-element_type=\"container\" data-e-type=\"container\">\n\t\t\t\t\t<div class=\"e-con-inner\">\n\t\t\t\t<div class=\"elementor-element elementor-element-cd11216 elementor-widget elementor-widget-template\" data-id=\"cd11216\" data-element_type=\"widget\" data-e-type=\"widget\" data-widget_type=\"template.default\">\n\t\t\t\t<div class=\"elementor-widget-container\">\n\t\t\t\t\t\t\t<div class=\"elementor-template\">\n\t\t\t\t\t<div data-elementor-type=\"container\" data-elementor-id=\"5088\" class=\"elementor elementor-5088 elementor-5078 elementor-5078\" data-elementor-post-type=\"elementor_library\">\n\t\t\t\t<div class=\"elementor-element elementor-element-6a1bdc30 e-flex e-con-boxed e-con e-parent\" data-id=\"6a1bdc30\" data-element_type=\"container\" data-e-type=\"container\">\n\t\t\t\t\t<div class=\"e-con-inner\">\n\t\t\t\t<div class=\"elementor-element elementor-element-3aeb02e4 elementor-widget elementor-widget-template\" data-id=\"3aeb02e4\" data-element_type=\"widget\" data-e-type=\"widget\" data-widget_type=\"template.default\">\n\t\t\t\t<div class=\"elementor-widget-container\">\n\t\t\t\t\t\t\t<div class=\"elementor-template\">\n\t\t\t\t\t<div data-elementor-type=\"container\" data-elementor-id=\"4966\" class=\"elementor elementor-4966\" data-elementor-post-type=\"elementor_library\">\n\t\t\t\t<div class=\"elementor-element elementor-element-7741482 e-flex e-con-boxed e-con e-parent\" data-id=\"7741482\" data-element_type=\"container\" data-e-type=\"container\">\n\t\t\t\t\t<div class=\"e-con-inner\">\n\t\t<div class=\"elementor-element elementor-element-b2b104f e-flex e-con-boxed e-con e-child\" data-id=\"b2b104f\" data-element_type=\"container\" data-e-type=\"container\">\n\t\t\t\t\t<div class=\"e-con-inner\">\n\t\t\t\t<div class=\"elementor-element elementor-element-4b68e87c elementor-skin-carousel elementor-arrows-yes elementor-widget elementor-widget-media-carousel\" data-id=\"4b68e87c\" data-element_type=\"widget\" data-e-type=\"widget\" data-settings=\"{&quot;slides_per_view&quot;:&quot;3&quot;,&quot;slides_to_scroll&quot;:&quot;3&quot;,&quot;space_between&quot;:{&quot;unit&quot;:&quot;px&quot;,&quot;size&quot;:0,&quot;sizes&quot;:[]},&quot;skin&quot;:&quot;carousel&quot;,&quot;effect&quot;:&quot;slide&quot;,&quot;show_arrows&quot;:&quot;yes&quot;,&quot;speed&quot;:500,&quot;autoplay&quot;:&quot;yes&quot;,&quot;autoplay_speed&quot;:5000,&quot;loop&quot;:&quot;yes&quot;,&quot;pause_on_hover&quot;:&quot;yes&quot;,&quot;pause_on_interaction&quot;:&quot;yes&quot;,&quot;space_between_tablet&quot;:{&quot;unit&quot;:&quot;px&quot;,&quot;size&quot;:10,&quot;sizes&quot;:[]},&quot;space_between_mobile&quot;:{&quot;unit&quot;:&quot;px&quot;,&quot;size&quot;:10,&quot;sizes&quot;:[]}}\" data-widget_type=\"media-carousel.default\">\n\t\t\t\t<div class=\"elementor-widget-container\">\n\t\t\t\t\t\t\t\t\t<div class=\"elementor-swiper\">\n\t\t\t\t\t<div class=\"elementor-main-swiper swiper\" role=\"region\" aria-roledescription=\"carousel\" aria-label=\"Diapositives\">\n\t\t\t\t<div class=\"swiper-wrapper\">\n\t\t\t\t\t\t\t\t\t\t\t<div class=\"swiper-slide\" role=\"group\" aria-roledescription=\"slide\">\n\t\t\t\t\t\t\t\t\t<div class=\"elementor-carousel-image\" role=\"img\" aria-label=\"Rectangle-400_1\" style=\"background-image: url(&#039;https:\/\/gicopa.be\/wp-content\/uploads\/2024\/10\/Rectangle-400_1.jpg&#039;)\">\n\n\t\t\t\n\t\t\t\t\t<\/div>\n\t\t\t\t\t\t\t\t<\/div>\n\t\t\t\t\t\t\t\t\t\t\t<div class=\"swiper-slide\" role=\"group\" aria-roledescription=\"slide\">\n\t\t\t\t\t\t\t\t\t<div class=\"elementor-carousel-image\" role=\"img\" aria-label=\"Rectangle-400_3\" style=\"background-image: url(&#039;https:\/\/gicopa.be\/wp-content\/uploads\/2024\/10\/Rectangle-400_3.jpg&#039;)\">\n\n\t\t\t\n\t\t\t\t\t<\/div>\n\t\t\t\t\t\t\t\t<\/div>\n\t\t\t\t\t\t\t\t\t\t\t<div class=\"swiper-slide\" role=\"group\" aria-roledescription=\"slide\">\n\t\t\t\t\t\t\t\t\t<div class=\"elementor-carousel-image\" role=\"img\" aria-label=\"Rectangle-400\" style=\"background-image: url(&#039;https:\/\/gicopa.be\/wp-content\/uploads\/2024\/10\/Rectangle-400.jpg&#039;)\">\n\n\t\t\t\n\t\t\t\t\t<\/div>\n\t\t\t\t\t\t\t\t<\/div>\n\t\t\t\t\t\t\t\t\t<\/div>\n\t\t\t\t\t\t\t\t\t\t\t\t\t\t\t<div class=\"elementor-swiper-button elementor-swiper-button-prev\" role=\"button\" tabindex=\"0\" aria-label=\"Pr\u00e9c\u00e9dent\">\n\t\t\t\t\t\t\t<i aria-hidden=\"true\" class=\"eicon-chevron-left\"><\/i>\t\t\t\t\t\t<\/div>\n\t\t\t\t\t\t<div class=\"elementor-swiper-button elementor-swiper-button-next\" role=\"button\" tabindex=\"0\" aria-label=\"Suivant\">\n\t\t\t\t\t\t\t<i aria-hidden=\"true\" class=\"eicon-chevron-right\"><\/i>\t\t\t\t\t\t<\/div>\n\t\t\t\t\t\t\t\t\t\t\t\t\t\t\t\t\t<\/div>\n\t\t\t\t<\/div>\n\t\t\t\t\t\t\t\t<\/div>\n\t\t\t\t<\/div>\n\t\t\t\t\t<\/div>\n\t\t\t\t<\/div>\n\t\t\t\t\t<\/div>\n\t\t\t\t<\/div>\n\t\t\t\t<\/div>\n\t\t\t\t<\/div>\n\t\t\t\t\t\t<\/div>\n\t\t\t\t<\/div>\n\t\t\t\t\t<\/div>\n\t\t\t\t<\/div>\n\t\t\t\t<\/div>\n\t\t\t\t<\/div>\n\t\t\t\t\t\t<\/div>\n\t\t\t\t<\/div>\n\t\t\t\t\t<\/div>\n\t\t\t\t<\/div>\n\t\t<div class=\"elementor-element elementor-element-1f53e11 e-flex e-con-boxed e-con e-parent\" data-id=\"1f53e11\" data-element_type=\"container\" data-e-type=\"container\">\n\t\t\t\t\t<div class=\"e-con-inner\">\n\t\t<div class=\"elementor-element elementor-element-86f6a54 e-flex e-con-boxed e-con e-child\" data-id=\"86f6a54\" data-element_type=\"container\" data-e-type=\"container\">\n\t\t\t\t\t<div class=\"e-con-inner\">\n\t\t\t\t<div class=\"elementor-element elementor-element-f7e632a elementor-widget elementor-widget-text-editor\" data-id=\"f7e632a\" data-element_type=\"widget\" data-e-type=\"widget\" data-widget_type=\"text-editor.default\">\n\t\t\t\t<div class=\"elementor-widget-container\">\n\t\t\t\t\t\t\t\t\t<p>Gicopa est\u00e1 presente regularmente en Sial Paris y en ISM Koln. Si desea m\u00e1s informaci\u00f3n, consulte nuestro cat\u00e1logo o p\u00f3ngase en contacto con nosotros directamente. \u00a1Estaremos encantados de ayudarle!<\/p>\t\t\t\t\t\t\t\t<\/div>\n\t\t\t\t<\/div>\n\t\t\t\t<div class=\"elementor-element elementor-element-d5d5cdd elementor-widget elementor-widget-button\" data-id=\"d5d5cdd\" data-element_type=\"widget\" data-e-type=\"widget\" data-widget_type=\"button.default\">\n\t\t\t\t<div class=\"elementor-widget-container\">\n\t\t\t\t\t\t\t\t\t<div class=\"elementor-button-wrapper\">\n\t\t\t\t\t<a class=\"elementor-button elementor-button-link elementor-size-sm\" href=\"https:\/\/gicopa.be\/wp-content\/uploads\/2026\/02\/Gicopa-Catalogue-2026.pdf\" target=\"_blank\">\n\t\t\t\t\t\t<span class=\"elementor-button-content-wrapper\">\n\t\t\t\t\t\t\t\t\t<span class=\"elementor-button-text\">Descarga nuestro cat\u00e1logo<\/span>\n\t\t\t\t\t<\/span>\n\t\t\t\t\t<\/a>\n\t\t\t\t<\/div>\n\t\t\t\t\t\t\t\t<\/div>\n\t\t\t\t<\/div>\n\t\t\t\t<div class=\"elementor-element elementor-element-065b8b0 elementor-widget elementor-widget-spacer\" data-id=\"065b8b0\" data-element_type=\"widget\" data-e-type=\"widget\" data-widget_type=\"spacer.default\">\n\t\t\t\t<div class=\"elementor-widget-container\">\n\t\t\t\t\t\t\t<div class=\"elementor-spacer\">\n\t\t\t<div class=\"elementor-spacer-inner\"><\/div>\n\t\t<\/div>\n\t\t\t\t\t\t<\/div>\n\t\t\t\t<\/div>\n\t\t\t\t\t<\/div>\n\t\t\t\t<\/div>\n\t\t\t\t\t<\/div>\n\t\t\t\t<\/div>\n\t\t<div class=\"elementor-element elementor-element-580ca36 e-flex e-con-boxed e-con e-parent\" data-id=\"580ca36\" data-element_type=\"container\" data-e-type=\"container\" data-settings=\"{&quot;background_background&quot;:&quot;classic&quot;}\">\n\t\t\t\t\t<div class=\"e-con-inner\">\n\t\t\t\t<div class=\"elementor-element elementor-element-abbcbef elementor-widget elementor-widget-template\" data-id=\"abbcbef\" data-element_type=\"widget\" data-e-type=\"widget\" data-widget_type=\"template.default\">\n\t\t\t\t<div class=\"elementor-widget-container\">\n\t\t\t\t\t\t\t<div class=\"elementor-template\">\n\t\t\t\t\t<div data-elementor-type=\"container\" data-elementor-id=\"5111\" class=\"elementor elementor-5111\" data-elementor-post-type=\"elementor_library\">\n\t\t\t\t<div class=\"elementor-element elementor-element-40c4e4f2 e-flex e-con-boxed e-con e-parent\" data-id=\"40c4e4f2\" data-element_type=\"container\" data-e-type=\"container\" data-settings=\"{&quot;background_background&quot;:&quot;classic&quot;}\">\n\t\t\t\t\t<div class=\"e-con-inner\">\n\t\t<div class=\"elementor-element elementor-element-3cc73708 e-con-full e-flex e-con e-child\" data-id=\"3cc73708\" data-element_type=\"container\" data-e-type=\"container\">\n\t\t\t\t<div class=\"elementor-element elementor-element-6d86d927 elementor-widget elementor-widget-heading\" data-id=\"6d86d927\" data-element_type=\"widget\" data-e-type=\"widget\" data-widget_type=\"heading.default\">\n\t\t\t\t<div class=\"elementor-widget-container\">\n\t\t\t\t\t<h2 class=\"elementor-heading-title elementor-size-default\">Nous contacter<\/h2>\t\t\t\t<\/div>\n\t\t\t\t<\/div>\n\t\t\t\t<\/div>\n\t\t<div class=\"elementor-element elementor-element-eff65c4 e-flex e-con-boxed e-con e-child\" data-id=\"eff65c4\" data-element_type=\"container\" data-e-type=\"container\">\n\t\t\t\t\t<div class=\"e-con-inner\">\n\t\t\t\t<div class=\"elementor-element elementor-element-7560c94 elementor-button-align-center elementor-widget__width-initial elementor-widget elementor-widget-form\" data-id=\"7560c94\" data-element_type=\"widget\" data-e-type=\"widget\" data-settings=\"{&quot;step_next_label&quot;:&quot;Suivant&quot;,&quot;step_previous_label&quot;:&quot;Pr\\u00e9c\\u00e9dent&quot;,&quot;step_icon_shape&quot;:&quot;rounded&quot;,&quot;button_width&quot;:&quot;100&quot;,&quot;step_type&quot;:&quot;number_text&quot;}\" data-widget_type=\"form.default\">\n\t\t\t\t<div class=\"elementor-widget-container\">\n\t\t\t\t\t\t\t<form class=\"elementor-form\" method=\"post\" name=\"Gicopa contact form\" aria-label=\"Gicopa contact form\">\n\t\t\t<input type=\"hidden\" name=\"post_id\" value=\"5111\"\/>\n\t\t\t<input type=\"hidden\" name=\"form_id\" value=\"7560c94\"\/>\n\t\t\t<input type=\"hidden\" name=\"referer_title\" value=\"associations - Gicopa\" \/>\n\n\t\t\t\t\t\t\t<input type=\"hidden\" name=\"queried_id\" value=\"458\"\/>\n\t\t\t\n\t\t\t<div class=\"elementor-form-fields-wrapper elementor-labels-\">\n\t\t\t\t\t\t\t\t<div class=\"elementor-field-type-text elementor-field-group elementor-column elementor-field-group-name elementor-col-50\">\n\t\t\t\t\t\t\t\t\t\t\t\t<label for=\"form-field-name\" class=\"elementor-field-label elementor-screen-only\">\n\t\t\t\t\t\t\t\tNom, Pr\u00e9nom\t\t\t\t\t\t\t<\/label>\n\t\t\t\t\t\t\t\t\t\t\t\t\t\t<input size=\"1\" type=\"text\" name=\"form_fields[name]\" id=\"form-field-name\" class=\"elementor-field elementor-size-xs  elementor-field-textual\" placeholder=\"Nom, Pr\u00e9nom\">\n\t\t\t\t\t\t\t\t\t\t\t<\/div>\n\t\t\t\t\t\t\t\t<div class=\"elementor-field-type-email elementor-field-group elementor-column elementor-field-group-email elementor-col-50 elementor-field-required\">\n\t\t\t\t\t\t\t\t\t\t\t\t<label for=\"form-field-email\" class=\"elementor-field-label elementor-screen-only\">\n\t\t\t\t\t\t\t\tAdresse Mail\t\t\t\t\t\t\t<\/label>\n\t\t\t\t\t\t\t\t\t\t\t\t\t\t<input size=\"1\" type=\"email\" name=\"form_fields[email]\" id=\"form-field-email\" class=\"elementor-field elementor-size-xs  elementor-field-textual\" placeholder=\"Adresse Mail\" required=\"required\">\n\t\t\t\t\t\t\t\t\t\t\t<\/div>\n\t\t\t\t\t\t\t\t<div class=\"elementor-field-type-textarea elementor-field-group elementor-column elementor-field-group-field_1b747e2 elementor-col-50 elementor-field-required\">\n\t\t\t\t\t\t\t\t\t\t\t\t<label for=\"form-field-field_1b747e2\" class=\"elementor-field-label elementor-screen-only\">\n\t\t\t\t\t\t\t\tSecteur d\u2019activit\u00e9s\t\t\t\t\t\t\t<\/label>\n\t\t\t\t\t\t<textarea class=\"elementor-field-textual elementor-field  elementor-size-xs\" name=\"form_fields[field_1b747e2]\" id=\"form-field-field_1b747e2\" rows=\"10\" placeholder=\"Secteur d\u2019activit\u00e9s\" required=\"required\"><\/textarea>\t\t\t\t<\/div>\n\t\t\t\t\t\t\t\t<div class=\"elementor-field-type-textarea elementor-field-group elementor-column elementor-field-group-message elementor-col-50 elementor-field-required\">\n\t\t\t\t\t\t\t\t\t\t\t\t<label for=\"form-field-message\" class=\"elementor-field-label elementor-screen-only\">\n\t\t\t\t\t\t\t\tMessage\t\t\t\t\t\t\t<\/label>\n\t\t\t\t\t\t<textarea class=\"elementor-field-textual elementor-field  elementor-size-xs\" name=\"form_fields[message]\" id=\"form-field-message\" rows=\"10\" placeholder=\"Message\" required=\"required\"><\/textarea>\t\t\t\t<\/div>\n\t\t\t\t\t\t\t\t<div class=\"elementor-field-type-recaptcha elementor-field-group elementor-column elementor-field-group-field_bbd6eec elementor-col-100\">\n\t\t\t\t\t<div class=\"elementor-field\" id=\"form-field-field_bbd6eec\"><div class=\"elementor-g-recaptcha\" data-sitekey=\"6LePSmIqAAAAAFJ9Bzcm8prOPfmmJh1rRavI_8Mq\" data-type=\"v2_checkbox\" data-theme=\"light\" data-size=\"normal\"><\/div><\/div>\t\t\t\t<\/div>\n\t\t\t\t\t\t\t\t<div class=\"elementor-field-group elementor-column elementor-field-type-submit elementor-col-100 e-form__buttons\">\n\t\t\t\t\t<button class=\"elementor-button elementor-size-sm\" type=\"submit\">\n\t\t\t\t\t\t<span class=\"elementor-button-content-wrapper\">\n\t\t\t\t\t\t\t\t\t\t\t\t\t\t\t\t\t\t\t\t\t\t<span class=\"elementor-button-text\">Envoyer<\/span>\n\t\t\t\t\t\t\t\t\t\t\t\t\t<\/span>\n\t\t\t\t\t<\/button>\n\t\t\t\t<\/div>\n\t\t\t<\/div>\n\t\t<\/form>\n\t\t\t\t\t\t<\/div>\n\t\t\t\t<\/div>\n\t\t\t\t\t<\/div>\n\t\t\t\t<\/div>\n\t\t\t\t\t<\/div>\n\t\t\t\t<\/div>\n\t\t\t\t<\/div>\n\t\t\t\t<\/div>\n\t\t\t\t\t\t<\/div>\n\t\t\t\t<\/div>\n\t\t\t\t\t<\/div>\n\t\t\t\t<\/div>\n\t\t<div class=\"elementor-element elementor-element-b11ad5b e-flex e-con-boxed e-con e-parent\" data-id=\"b11ad5b\" data-element_type=\"container\" data-e-type=\"container\">\n\t\t\t\t\t<div class=\"e-con-inner\">\n\t\t\t\t<div class=\"elementor-element elementor-element-51175c7 elementor-widget elementor-widget-spacer\" data-id=\"51175c7\" data-element_type=\"widget\" data-e-type=\"widget\" data-widget_type=\"spacer.default\">\n\t\t\t\t<div class=\"elementor-widget-container\">\n\t\t\t\t\t\t\t<div class=\"elementor-spacer\">\n\t\t\t<div class=\"elementor-spacer-inner\"><\/div>\n\t\t<\/div>\n\t\t\t\t\t\t<\/div>\n\t\t\t\t<\/div>\n\t\t\t\t\t<\/div>\n\t\t\t\t<\/div>\n\t\t\t\t<\/div>\n\t\t","protected":false},"excerpt":{"rendered":"<p>Para profesionales Gicopa, que se distribuye con \u00e9xito en B\u00e9lgica a trav\u00e9s de peque\u00f1as tiendas, as\u00ed como en Delhaize, Colruyt y Carrefour, est\u00e1 ahora disponible en otros 10 pa\u00edses, incluido Estados Unidos y Chile y sus exportaciones aumentan a\u00f1o tras a\u00f1o. Somos una empresa peque\u00f1a pero eficiente que combina la m\u00e1xima calidad con precios competitivos. [&hellip;]<\/p>\n","protected":false},"author":2,"featured_media":0,"parent":0,"menu_order":0,"comment_status":"closed","ping_status":"closed","template":"","meta":{"_acf_changed":false,"footnotes":""},"class_list":["post-4249","page","type-page","status-publish","hentry"],"acf":[],"yoast_head":"<!-- This site is optimized with the Yoast SEO plugin v27.4 - https:\/\/yoast.com\/product\/yoast-seo-wordpress\/ -->\n<title>profesionales - Gicopa<\/title>\n<meta name=\"robots\" content=\"index, follow, max-snippet:-1, max-image-preview:large, max-video-preview:-1\" \/>\n<link rel=\"canonical\" href=\"https:\/\/gicopa.be\/index.php\/pour-les-professionels\/\" \/>\n<meta property=\"og:locale\" content=\"fr_FR\" \/>\n<meta property=\"og:type\" content=\"article\" \/>\n<meta property=\"og:title\" content=\"profesionales - Gicopa\" \/>\n<meta property=\"og:description\" content=\"Para profesionales Gicopa, que se distribuye con \u00e9xito en B\u00e9lgica a trav\u00e9s de peque\u00f1as tiendas, as\u00ed como en Delhaize, Colruyt y Carrefour, est\u00e1 ahora disponible en otros 10 pa\u00edses, incluido Estados Unidos y Chile y sus exportaciones aumentan a\u00f1o tras a\u00f1o. Somos una empresa peque\u00f1a pero eficiente que combina la m\u00e1xima calidad con precios competitivos. [&hellip;]\" \/>\n<meta property=\"og:url\" content=\"https:\/\/gicopa.be\/index.php\/pour-les-professionels\/?lang=es\" \/>\n<meta property=\"og:site_name\" content=\"Gicopa\" \/>\n<meta property=\"article:modified_time\" content=\"2026-02-02T09:20:10+00:00\" \/>\n<meta name=\"twitter:card\" content=\"summary_large_image\" \/>\n<meta name=\"twitter:label1\" content=\"Dur\u00e9e de lecture estim\u00e9e\" \/>\n\t<meta name=\"twitter:data1\" content=\"1 minute\" \/>\n<script type=\"application\/ld+json\" class=\"yoast-schema-graph\">{\"@context\":\"https:\\\/\\\/schema.org\",\"@graph\":[{\"@type\":\"WebPage\",\"@id\":\"https:\\\/\\\/gicopa.be\\\/index.php\\\/pour-les-professionels\\\/?lang=es\",\"url\":\"https:\\\/\\\/gicopa.be\\\/index.php\\\/pour-les-professionels\\\/?lang=es\",\"name\":\"profesionales - Gicopa\",\"isPartOf\":{\"@id\":\"https:\\\/\\\/gicopa.be\\\/#website\"},\"datePublished\":\"2024-03-13T15:50:58+00:00\",\"dateModified\":\"2026-02-02T09:20:10+00:00\",\"breadcrumb\":{\"@id\":\"https:\\\/\\\/gicopa.be\\\/index.php\\\/pour-les-professionels\\\/?lang=es#breadcrumb\"},\"inLanguage\":\"fr-FR\",\"potentialAction\":[{\"@type\":\"ReadAction\",\"target\":[\"https:\\\/\\\/gicopa.be\\\/index.php\\\/pour-les-professionels\\\/?lang=es\"]}]},{\"@type\":\"BreadcrumbList\",\"@id\":\"https:\\\/\\\/gicopa.be\\\/index.php\\\/pour-les-professionels\\\/?lang=es#breadcrumb\",\"itemListElement\":[{\"@type\":\"ListItem\",\"position\":1,\"name\":\"Accueil\",\"item\":\"https:\\\/\\\/gicopa.be\\\/\"},{\"@type\":\"ListItem\",\"position\":2,\"name\":\"profesionales\"}]},{\"@type\":\"WebSite\",\"@id\":\"https:\\\/\\\/gicopa.be\\\/#website\",\"url\":\"https:\\\/\\\/gicopa.be\\\/\",\"name\":\"Gicopa\",\"description\":\"Gicopa. La confiserie belge artisanale.\",\"publisher\":{\"@id\":\"https:\\\/\\\/gicopa.be\\\/#organization\"},\"potentialAction\":[{\"@type\":\"SearchAction\",\"target\":{\"@type\":\"EntryPoint\",\"urlTemplate\":\"https:\\\/\\\/gicopa.be\\\/?s={search_term_string}\"},\"query-input\":{\"@type\":\"PropertyValueSpecification\",\"valueRequired\":true,\"valueName\":\"search_term_string\"}}],\"inLanguage\":\"fr-FR\"},{\"@type\":\"Organization\",\"@id\":\"https:\\\/\\\/gicopa.be\\\/#organization\",\"name\":\"Gicopa\",\"url\":\"https:\\\/\\\/gicopa.be\\\/\",\"logo\":{\"@type\":\"ImageObject\",\"inLanguage\":\"fr-FR\",\"@id\":\"https:\\\/\\\/gicopa.be\\\/#\\\/schema\\\/logo\\\/image\\\/\",\"url\":\"https:\\\/\\\/gicopa.be\\\/wp-content\\\/uploads\\\/2023\\\/08\\\/LOGO-gicopa.svg\",\"contentUrl\":\"https:\\\/\\\/gicopa.be\\\/wp-content\\\/uploads\\\/2023\\\/08\\\/LOGO-gicopa.svg\",\"width\":1094,\"height\":606,\"caption\":\"Gicopa\"},\"image\":{\"@id\":\"https:\\\/\\\/gicopa.be\\\/#\\\/schema\\\/logo\\\/image\\\/\"}}]}<\/script>\n<!-- \/ Yoast SEO plugin. -->","yoast_head_json":{"title":"profesionales - Gicopa","robots":{"index":"index","follow":"follow","max-snippet":"max-snippet:-1","max-image-preview":"max-image-preview:large","max-video-preview":"max-video-preview:-1"},"canonical":"https:\/\/gicopa.be\/index.php\/pour-les-professionels\/","og_locale":"fr_FR","og_type":"article","og_title":"profesionales - Gicopa","og_description":"Para profesionales Gicopa, que se distribuye con \u00e9xito en B\u00e9lgica a trav\u00e9s de peque\u00f1as tiendas, as\u00ed como en Delhaize, Colruyt y Carrefour, est\u00e1 ahora disponible en otros 10 pa\u00edses, incluido Estados Unidos y Chile y sus exportaciones aumentan a\u00f1o tras a\u00f1o. Somos una empresa peque\u00f1a pero eficiente que combina la m\u00e1xima calidad con precios competitivos. [&hellip;]","og_url":"https:\/\/gicopa.be\/index.php\/pour-les-professionels\/?lang=es","og_site_name":"Gicopa","article_modified_time":"2026-02-02T09:20:10+00:00","twitter_card":"summary_large_image","twitter_misc":{"Dur\u00e9e de lecture estim\u00e9e":"1 minute"},"schema":{"@context":"https:\/\/schema.org","@graph":[{"@type":"WebPage","@id":"https:\/\/gicopa.be\/index.php\/pour-les-professionels\/?lang=es","url":"https:\/\/gicopa.be\/index.php\/pour-les-professionels\/?lang=es","name":"profesionales - Gicopa","isPartOf":{"@id":"https:\/\/gicopa.be\/#website"},"datePublished":"2024-03-13T15:50:58+00:00","dateModified":"2026-02-02T09:20:10+00:00","breadcrumb":{"@id":"https:\/\/gicopa.be\/index.php\/pour-les-professionels\/?lang=es#breadcrumb"},"inLanguage":"fr-FR","potentialAction":[{"@type":"ReadAction","target":["https:\/\/gicopa.be\/index.php\/pour-les-professionels\/?lang=es"]}]},{"@type":"BreadcrumbList","@id":"https:\/\/gicopa.be\/index.php\/pour-les-professionels\/?lang=es#breadcrumb","itemListElement":[{"@type":"ListItem","position":1,"name":"Accueil","item":"https:\/\/gicopa.be\/"},{"@type":"ListItem","position":2,"name":"profesionales"}]},{"@type":"WebSite","@id":"https:\/\/gicopa.be\/#website","url":"https:\/\/gicopa.be\/","name":"Gicopa","description":"Gicopa. La confiserie belge artisanale.","publisher":{"@id":"https:\/\/gicopa.be\/#organization"},"potentialAction":[{"@type":"SearchAction","target":{"@type":"EntryPoint","urlTemplate":"https:\/\/gicopa.be\/?s={search_term_string}"},"query-input":{"@type":"PropertyValueSpecification","valueRequired":true,"valueName":"search_term_string"}}],"inLanguage":"fr-FR"},{"@type":"Organization","@id":"https:\/\/gicopa.be\/#organization","name":"Gicopa","url":"https:\/\/gicopa.be\/","logo":{"@type":"ImageObject","inLanguage":"fr-FR","@id":"https:\/\/gicopa.be\/#\/schema\/logo\/image\/","url":"https:\/\/gicopa.be\/wp-content\/uploads\/2023\/08\/LOGO-gicopa.svg","contentUrl":"https:\/\/gicopa.be\/wp-content\/uploads\/2023\/08\/LOGO-gicopa.svg","width":1094,"height":606,"caption":"Gicopa"},"image":{"@id":"https:\/\/gicopa.be\/#\/schema\/logo\/image\/"}}]}},"_links":{"self":[{"href":"https:\/\/gicopa.be\/index.php\/wp-json\/wp\/v2\/pages\/4249","targetHints":{"allow":["GET"]}}],"collection":[{"href":"https:\/\/gicopa.be\/index.php\/wp-json\/wp\/v2\/pages"}],"about":[{"href":"https:\/\/gicopa.be\/index.php\/wp-json\/wp\/v2\/types\/page"}],"author":[{"embeddable":true,"href":"https:\/\/gicopa.be\/index.php\/wp-json\/wp\/v2\/users\/2"}],"replies":[{"embeddable":true,"href":"https:\/\/gicopa.be\/index.php\/wp-json\/wp\/v2\/comments?post=4249"}],"version-history":[{"count":56,"href":"https:\/\/gicopa.be\/index.php\/wp-json\/wp\/v2\/pages\/4249\/revisions"}],"predecessor-version":[{"id":5298,"href":"https:\/\/gicopa.be\/index.php\/wp-json\/wp\/v2\/pages\/4249\/revisions\/5298"}],"wp:attachment":[{"href":"https:\/\/gicopa.be\/index.php\/wp-json\/wp\/v2\/media?parent=4249"}],"curies":[{"name":"wp","href":"https:\/\/api.w.org\/{rel}","templated":true}]}}