{"id":4246,"date":"2024-03-28T09:52:09","date_gmt":"2024-03-28T09:52:09","guid":{"rendered":"https:\/\/gicopa.be\/index.php\/particuliers\/"},"modified":"2024-10-01T14:19:13","modified_gmt":"2024-10-01T14:19:13","slug":"particuliers","status":"publish","type":"page","link":"https:\/\/gicopa.be\/index.php\/particuliers\/?lang=es","title":{"rendered":"individuos"},"content":{"rendered":"\t\t<div data-elementor-type=\"wp-page\" data-elementor-id=\"4246\" class=\"elementor elementor-4246 elementor-455\" data-elementor-post-type=\"page\">\n\t\t\t\t<div class=\"elementor-element elementor-element-111cadf e-con-full e-flex e-con e-parent\" data-id=\"111cadf\" data-element_type=\"container\" data-e-type=\"container\" data-settings=\"{&quot;background_background&quot;:&quot;classic&quot;}\">\n\t\t<div class=\"elementor-element elementor-element-2389ca6 e-flex e-con-boxed e-con e-child\" data-id=\"2389ca6\" data-element_type=\"container\" data-e-type=\"container\">\n\t\t\t\t\t<div class=\"e-con-inner\">\n\t\t<div class=\"elementor-element elementor-element-812cc30 e-con-full e-flex e-con e-child\" data-id=\"812cc30\" data-element_type=\"container\" data-e-type=\"container\">\n\t\t<div class=\"elementor-element elementor-element-b027a1d e-con-full e-flex e-con e-child\" data-id=\"b027a1d\" data-element_type=\"container\" data-e-type=\"container\">\n\t\t\t\t<div class=\"elementor-element elementor-element-70b571d elementor-widget__width-initial elementor-widget elementor-widget-text-editor\" data-id=\"70b571d\" data-element_type=\"widget\" data-e-type=\"widget\" data-widget_type=\"text-editor.default\">\n\t\t\t\t<div class=\"elementor-widget-container\">\n\t\t\t\t\t\t\t\t\t<p>Para<\/p>\t\t\t\t\t\t\t\t<\/div>\n\t\t\t\t<\/div>\n\t\t\t\t<\/div>\n\t\t\t\t<\/div>\n\t\t\t\t<div class=\"elementor-element elementor-element-7258ee2 elementor-widget elementor-widget-text-editor\" data-id=\"7258ee2\" data-element_type=\"widget\" data-e-type=\"widget\" data-widget_type=\"text-editor.default\">\n\t\t\t\t<div class=\"elementor-widget-container\">\n\t\t\t\t\t\t\t\t\t<p>todos<\/p>\t\t\t\t\t\t\t\t<\/div>\n\t\t\t\t<\/div>\n\t\t\t\t\t<\/div>\n\t\t\t\t<\/div>\n\t\t\t\t<\/div>\n\t\t<div class=\"elementor-element elementor-element-dc4ec4c e-flex e-con-boxed e-con e-parent\" data-id=\"dc4ec4c\" data-element_type=\"container\" data-e-type=\"container\">\n\t\t\t\t\t<div class=\"e-con-inner\">\n\t\t<div class=\"elementor-element elementor-element-049c893 e-flex e-con-boxed e-con e-child\" data-id=\"049c893\" data-element_type=\"container\" data-e-type=\"container\">\n\t\t\t\t\t<div class=\"e-con-inner\">\n\t\t\t\t<div class=\"elementor-element elementor-element-ec6b461 elementor-widget elementor-widget-spacer\" data-id=\"ec6b461\" data-element_type=\"widget\" data-e-type=\"widget\" data-widget_type=\"spacer.default\">\n\t\t\t\t<div class=\"elementor-widget-container\">\n\t\t\t\t\t\t\t<div class=\"elementor-spacer\">\n\t\t\t<div class=\"elementor-spacer-inner\"><\/div>\n\t\t<\/div>\n\t\t\t\t\t\t<\/div>\n\t\t\t\t<\/div>\n\t\t\t\t<div class=\"elementor-element elementor-element-e12f710 elementor-widget elementor-widget-text-editor\" data-id=\"e12f710\" data-element_type=\"widget\" data-e-type=\"widget\" data-widget_type=\"text-editor.default\">\n\t\t\t\t<div class=\"elementor-widget-container\">\n\t\t\t\t\t\t\t\t\t<p>En Chile puede encontrar una gran selecci\u00f3n de dulces Gicopa en los supermercados Jumbo y Santa Isabel. En B\u00e9lgica, puede encontrar caramelos Gicopa en miles de peque\u00f1as tiendas, as\u00ed como en Delhaize, Carrefour, Colruyt, Okay, Aveve, Lukoil, Total, Oh Green, Trafic, etc. Tambi\u00e9n puede encontrar una gran selecci\u00f3n en nuestro socio en l\u00ednea mesbonbons.net (sitio web externo)<\/p>\t\t\t\t\t\t\t\t<\/div>\n\t\t\t\t<\/div>\n\t\t\t\t\t<\/div>\n\t\t\t\t<\/div>\n\t\t\t\t\t<\/div>\n\t\t\t\t<\/div>\n\t\t<div class=\"elementor-element elementor-element-0e6eab6 e-flex e-con-boxed e-con e-parent\" data-id=\"0e6eab6\" data-element_type=\"container\" data-e-type=\"container\">\n\t\t\t\t\t<div class=\"e-con-inner\">\n\t\t<div class=\"elementor-element elementor-element-ac12265 e-flex e-con-boxed e-con e-child\" data-id=\"ac12265\" data-element_type=\"container\" data-e-type=\"container\">\n\t\t\t\t\t<div class=\"e-con-inner\">\n\t\t\t\t<div class=\"elementor-element elementor-element-3ab0ef6 elementor-widget elementor-widget-image\" data-id=\"3ab0ef6\" data-element_type=\"widget\" data-e-type=\"widget\" data-widget_type=\"image.default\">\n\t\t\t\t<div class=\"elementor-widget-container\">\n\t\t\t\t\t\t\t\t\t\t\t\t\t\t\t<img fetchpriority=\"high\" decoding=\"async\" width=\"800\" height=\"534\" src=\"https:\/\/gicopa.be\/wp-content\/uploads\/2024\/04\/ORDI-1-1024x683.png\" class=\"attachment-large size-large wp-image-612\" alt=\"\" srcset=\"https:\/\/gicopa.be\/wp-content\/uploads\/2024\/04\/ORDI-1-1024x683.png 1024w, https:\/\/gicopa.be\/wp-content\/uploads\/2024\/04\/ORDI-1-300x200.png 300w, https:\/\/gicopa.be\/wp-content\/uploads\/2024\/04\/ORDI-1-768x512.png 768w, https:\/\/gicopa.be\/wp-content\/uploads\/2024\/04\/ORDI-1.png 1056w\" sizes=\"(max-width: 800px) 100vw, 800px\" \/>\t\t\t\t\t\t\t\t\t\t\t\t\t\t\t<\/div>\n\t\t\t\t<\/div>\n\t\t\t\t\t<\/div>\n\t\t\t\t<\/div>\n\t\t\t\t\t<\/div>\n\t\t\t\t<\/div>\n\t\t<div class=\"elementor-element elementor-element-1f53e11 e-flex e-con-boxed e-con e-parent\" data-id=\"1f53e11\" data-element_type=\"container\" data-e-type=\"container\">\n\t\t\t\t\t<div class=\"e-con-inner\">\n\t\t<div class=\"elementor-element elementor-element-86f6a54 e-flex e-con-boxed e-con e-child\" data-id=\"86f6a54\" data-element_type=\"container\" data-e-type=\"container\">\n\t\t\t\t\t<div class=\"e-con-inner\">\n\t\t\t\t<div class=\"elementor-element elementor-element-69778b6 elementor-widget elementor-widget-button\" data-id=\"69778b6\" data-element_type=\"widget\" data-e-type=\"widget\" data-widget_type=\"button.default\">\n\t\t\t\t<div class=\"elementor-widget-container\">\n\t\t\t\t\t\t\t\t\t<div class=\"elementor-button-wrapper\">\n\t\t\t\t\t<a class=\"elementor-button elementor-button-link elementor-size-sm\" href=\"https:\/\/www.mesbonbons.net\/fr\/shop?Search=gicopa\" target=\"_blank\">\n\t\t\t\t\t\t<span class=\"elementor-button-content-wrapper\">\n\t\t\t\t\t\t\t\t\t<span class=\"elementor-button-text\">MESBONBONS.NET<\/span>\n\t\t\t\t\t<\/span>\n\t\t\t\t\t<\/a>\n\t\t\t\t<\/div>\n\t\t\t\t\t\t\t\t<\/div>\n\t\t\t\t<\/div>\n\t\t\t\t\t<\/div>\n\t\t\t\t<\/div>\n\t\t\t\t\t<\/div>\n\t\t\t\t<\/div>\n\t\t\t\t<\/div>\n\t\t","protected":false},"excerpt":{"rendered":"<p>Para todos En Chile puede encontrar una gran selecci\u00f3n de dulces Gicopa en los supermercados Jumbo y Santa Isabel. En B\u00e9lgica, puede encontrar caramelos Gicopa en miles de peque\u00f1as tiendas, as\u00ed como en Delhaize, Carrefour, Colruyt, Okay, Aveve, Lukoil, Total, Oh Green, Trafic, etc. Tambi\u00e9n puede encontrar una gran selecci\u00f3n en nuestro socio en l\u00ednea [&hellip;]<\/p>\n","protected":false},"author":2,"featured_media":0,"parent":0,"menu_order":0,"comment_status":"closed","ping_status":"closed","template":"","meta":{"_acf_changed":false,"footnotes":""},"class_list":["post-4246","page","type-page","status-publish","hentry"],"acf":[],"yoast_head":"<!-- This site is optimized with the Yoast SEO plugin v27.4 - https:\/\/yoast.com\/product\/yoast-seo-wordpress\/ -->\n<title>individuos - Gicopa<\/title>\n<meta name=\"robots\" content=\"index, follow, max-snippet:-1, max-image-preview:large, max-video-preview:-1\" \/>\n<link rel=\"canonical\" href=\"https:\/\/gicopa.be\/index.php\/particuliers\/\" \/>\n<meta property=\"og:locale\" content=\"fr_FR\" \/>\n<meta property=\"og:type\" content=\"article\" \/>\n<meta property=\"og:title\" content=\"individuos - Gicopa\" \/>\n<meta property=\"og:description\" content=\"Para todos En Chile puede encontrar una gran selecci\u00f3n de dulces Gicopa en los supermercados Jumbo y Santa Isabel. En B\u00e9lgica, puede encontrar caramelos Gicopa en miles de peque\u00f1as tiendas, as\u00ed como en Delhaize, Carrefour, Colruyt, Okay, Aveve, Lukoil, Total, Oh Green, Trafic, etc. Tambi\u00e9n puede encontrar una gran selecci\u00f3n en nuestro socio en l\u00ednea [&hellip;]\" \/>\n<meta property=\"og:url\" content=\"https:\/\/gicopa.be\/index.php\/particuliers\/?lang=es\" \/>\n<meta property=\"og:site_name\" content=\"Gicopa\" \/>\n<meta property=\"article:modified_time\" content=\"2024-10-01T14:19:13+00:00\" \/>\n<meta property=\"og:image\" content=\"https:\/\/gicopa.be\/wp-content\/uploads\/2024\/04\/ORDI-1-1024x683.png\" \/>\n<meta name=\"twitter:card\" content=\"summary_large_image\" \/>\n<meta name=\"twitter:label1\" content=\"Dur\u00e9e de lecture estim\u00e9e\" \/>\n\t<meta name=\"twitter:data1\" content=\"1 minute\" \/>\n<script type=\"application\/ld+json\" class=\"yoast-schema-graph\">{\"@context\":\"https:\\\/\\\/schema.org\",\"@graph\":[{\"@type\":\"WebPage\",\"@id\":\"https:\\\/\\\/gicopa.be\\\/index.php\\\/particuliers\\\/?lang=es\",\"url\":\"https:\\\/\\\/gicopa.be\\\/index.php\\\/particuliers\\\/?lang=es\",\"name\":\"individuos - Gicopa\",\"isPartOf\":{\"@id\":\"https:\\\/\\\/gicopa.be\\\/#website\"},\"primaryImageOfPage\":{\"@id\":\"https:\\\/\\\/gicopa.be\\\/index.php\\\/particuliers\\\/?lang=es#primaryimage\"},\"image\":{\"@id\":\"https:\\\/\\\/gicopa.be\\\/index.php\\\/particuliers\\\/?lang=es#primaryimage\"},\"thumbnailUrl\":\"https:\\\/\\\/gicopa.be\\\/wp-content\\\/uploads\\\/2024\\\/04\\\/ORDI-1-1024x683.png\",\"datePublished\":\"2024-03-28T09:52:09+00:00\",\"dateModified\":\"2024-10-01T14:19:13+00:00\",\"breadcrumb\":{\"@id\":\"https:\\\/\\\/gicopa.be\\\/index.php\\\/particuliers\\\/?lang=es#breadcrumb\"},\"inLanguage\":\"fr-FR\",\"potentialAction\":[{\"@type\":\"ReadAction\",\"target\":[\"https:\\\/\\\/gicopa.be\\\/index.php\\\/particuliers\\\/?lang=es\"]}]},{\"@type\":\"ImageObject\",\"inLanguage\":\"fr-FR\",\"@id\":\"https:\\\/\\\/gicopa.be\\\/index.php\\\/particuliers\\\/?lang=es#primaryimage\",\"url\":\"https:\\\/\\\/gicopa.be\\\/wp-content\\\/uploads\\\/2024\\\/04\\\/ORDI-1.png\",\"contentUrl\":\"https:\\\/\\\/gicopa.be\\\/wp-content\\\/uploads\\\/2024\\\/04\\\/ORDI-1.png\",\"width\":1056,\"height\":704},{\"@type\":\"BreadcrumbList\",\"@id\":\"https:\\\/\\\/gicopa.be\\\/index.php\\\/particuliers\\\/?lang=es#breadcrumb\",\"itemListElement\":[{\"@type\":\"ListItem\",\"position\":1,\"name\":\"Accueil\",\"item\":\"https:\\\/\\\/gicopa.be\\\/\"},{\"@type\":\"ListItem\",\"position\":2,\"name\":\"individuos\"}]},{\"@type\":\"WebSite\",\"@id\":\"https:\\\/\\\/gicopa.be\\\/#website\",\"url\":\"https:\\\/\\\/gicopa.be\\\/\",\"name\":\"Gicopa\",\"description\":\"Gicopa. La confiserie belge artisanale.\",\"publisher\":{\"@id\":\"https:\\\/\\\/gicopa.be\\\/#organization\"},\"potentialAction\":[{\"@type\":\"SearchAction\",\"target\":{\"@type\":\"EntryPoint\",\"urlTemplate\":\"https:\\\/\\\/gicopa.be\\\/?s={search_term_string}\"},\"query-input\":{\"@type\":\"PropertyValueSpecification\",\"valueRequired\":true,\"valueName\":\"search_term_string\"}}],\"inLanguage\":\"fr-FR\"},{\"@type\":\"Organization\",\"@id\":\"https:\\\/\\\/gicopa.be\\\/#organization\",\"name\":\"Gicopa\",\"url\":\"https:\\\/\\\/gicopa.be\\\/\",\"logo\":{\"@type\":\"ImageObject\",\"inLanguage\":\"fr-FR\",\"@id\":\"https:\\\/\\\/gicopa.be\\\/#\\\/schema\\\/logo\\\/image\\\/\",\"url\":\"https:\\\/\\\/gicopa.be\\\/wp-content\\\/uploads\\\/2023\\\/08\\\/LOGO-gicopa.svg\",\"contentUrl\":\"https:\\\/\\\/gicopa.be\\\/wp-content\\\/uploads\\\/2023\\\/08\\\/LOGO-gicopa.svg\",\"width\":1094,\"height\":606,\"caption\":\"Gicopa\"},\"image\":{\"@id\":\"https:\\\/\\\/gicopa.be\\\/#\\\/schema\\\/logo\\\/image\\\/\"}}]}<\/script>\n<!-- \/ Yoast SEO plugin. -->","yoast_head_json":{"title":"individuos - Gicopa","robots":{"index":"index","follow":"follow","max-snippet":"max-snippet:-1","max-image-preview":"max-image-preview:large","max-video-preview":"max-video-preview:-1"},"canonical":"https:\/\/gicopa.be\/index.php\/particuliers\/","og_locale":"fr_FR","og_type":"article","og_title":"individuos - Gicopa","og_description":"Para todos En Chile puede encontrar una gran selecci\u00f3n de dulces Gicopa en los supermercados Jumbo y Santa Isabel. En B\u00e9lgica, puede encontrar caramelos Gicopa en miles de peque\u00f1as tiendas, as\u00ed como en Delhaize, Carrefour, Colruyt, Okay, Aveve, Lukoil, Total, Oh Green, Trafic, etc. Tambi\u00e9n puede encontrar una gran selecci\u00f3n en nuestro socio en l\u00ednea [&hellip;]","og_url":"https:\/\/gicopa.be\/index.php\/particuliers\/?lang=es","og_site_name":"Gicopa","article_modified_time":"2024-10-01T14:19:13+00:00","og_image":[{"url":"https:\/\/gicopa.be\/wp-content\/uploads\/2024\/04\/ORDI-1-1024x683.png","type":"","width":"","height":""}],"twitter_card":"summary_large_image","twitter_misc":{"Dur\u00e9e de lecture estim\u00e9e":"1 minute"},"schema":{"@context":"https:\/\/schema.org","@graph":[{"@type":"WebPage","@id":"https:\/\/gicopa.be\/index.php\/particuliers\/?lang=es","url":"https:\/\/gicopa.be\/index.php\/particuliers\/?lang=es","name":"individuos - Gicopa","isPartOf":{"@id":"https:\/\/gicopa.be\/#website"},"primaryImageOfPage":{"@id":"https:\/\/gicopa.be\/index.php\/particuliers\/?lang=es#primaryimage"},"image":{"@id":"https:\/\/gicopa.be\/index.php\/particuliers\/?lang=es#primaryimage"},"thumbnailUrl":"https:\/\/gicopa.be\/wp-content\/uploads\/2024\/04\/ORDI-1-1024x683.png","datePublished":"2024-03-28T09:52:09+00:00","dateModified":"2024-10-01T14:19:13+00:00","breadcrumb":{"@id":"https:\/\/gicopa.be\/index.php\/particuliers\/?lang=es#breadcrumb"},"inLanguage":"fr-FR","potentialAction":[{"@type":"ReadAction","target":["https:\/\/gicopa.be\/index.php\/particuliers\/?lang=es"]}]},{"@type":"ImageObject","inLanguage":"fr-FR","@id":"https:\/\/gicopa.be\/index.php\/particuliers\/?lang=es#primaryimage","url":"https:\/\/gicopa.be\/wp-content\/uploads\/2024\/04\/ORDI-1.png","contentUrl":"https:\/\/gicopa.be\/wp-content\/uploads\/2024\/04\/ORDI-1.png","width":1056,"height":704},{"@type":"BreadcrumbList","@id":"https:\/\/gicopa.be\/index.php\/particuliers\/?lang=es#breadcrumb","itemListElement":[{"@type":"ListItem","position":1,"name":"Accueil","item":"https:\/\/gicopa.be\/"},{"@type":"ListItem","position":2,"name":"individuos"}]},{"@type":"WebSite","@id":"https:\/\/gicopa.be\/#website","url":"https:\/\/gicopa.be\/","name":"Gicopa","description":"Gicopa. La confiserie belge artisanale.","publisher":{"@id":"https:\/\/gicopa.be\/#organization"},"potentialAction":[{"@type":"SearchAction","target":{"@type":"EntryPoint","urlTemplate":"https:\/\/gicopa.be\/?s={search_term_string}"},"query-input":{"@type":"PropertyValueSpecification","valueRequired":true,"valueName":"search_term_string"}}],"inLanguage":"fr-FR"},{"@type":"Organization","@id":"https:\/\/gicopa.be\/#organization","name":"Gicopa","url":"https:\/\/gicopa.be\/","logo":{"@type":"ImageObject","inLanguage":"fr-FR","@id":"https:\/\/gicopa.be\/#\/schema\/logo\/image\/","url":"https:\/\/gicopa.be\/wp-content\/uploads\/2023\/08\/LOGO-gicopa.svg","contentUrl":"https:\/\/gicopa.be\/wp-content\/uploads\/2023\/08\/LOGO-gicopa.svg","width":1094,"height":606,"caption":"Gicopa"},"image":{"@id":"https:\/\/gicopa.be\/#\/schema\/logo\/image\/"}}]}},"_links":{"self":[{"href":"https:\/\/gicopa.be\/index.php\/wp-json\/wp\/v2\/pages\/4246","targetHints":{"allow":["GET"]}}],"collection":[{"href":"https:\/\/gicopa.be\/index.php\/wp-json\/wp\/v2\/pages"}],"about":[{"href":"https:\/\/gicopa.be\/index.php\/wp-json\/wp\/v2\/types\/page"}],"author":[{"embeddable":true,"href":"https:\/\/gicopa.be\/index.php\/wp-json\/wp\/v2\/users\/2"}],"replies":[{"embeddable":true,"href":"https:\/\/gicopa.be\/index.php\/wp-json\/wp\/v2\/comments?post=4246"}],"version-history":[{"count":7,"href":"https:\/\/gicopa.be\/index.php\/wp-json\/wp\/v2\/pages\/4246\/revisions"}],"predecessor-version":[{"id":4357,"href":"https:\/\/gicopa.be\/index.php\/wp-json\/wp\/v2\/pages\/4246\/revisions\/4357"}],"wp:attachment":[{"href":"https:\/\/gicopa.be\/index.php\/wp-json\/wp\/v2\/media?parent=4246"}],"curies":[{"name":"wp","href":"https:\/\/api.w.org\/{rel}","templated":true}]}}