{"id":4245,"date":"2024-03-13T08:25:05","date_gmt":"2024-03-13T08:25:05","guid":{"rendered":"https:\/\/gicopa.be\/index.php\/our-story\/"},"modified":"2024-10-01T14:19:55","modified_gmt":"2024-10-01T14:19:55","slug":"our-story","status":"publish","type":"page","link":"https:\/\/gicopa.be\/index.php\/our-story\/?lang=es","title":{"rendered":"nuestra historia"},"content":{"rendered":"\t\t<div data-elementor-type=\"wp-page\" data-elementor-id=\"4245\" class=\"elementor elementor-4245 elementor-257\" data-elementor-post-type=\"page\">\n\t\t\t\t<div class=\"elementor-element elementor-element-111cadf e-flex e-con-boxed e-con e-parent\" data-id=\"111cadf\" data-element_type=\"container\" data-e-type=\"container\" data-settings=\"{&quot;background_background&quot;:&quot;classic&quot;}\">\n\t\t\t\t\t<div class=\"e-con-inner\">\n\t\t<div class=\"elementor-element elementor-element-2389ca6 e-flex e-con-boxed e-con e-child\" data-id=\"2389ca6\" data-element_type=\"container\" data-e-type=\"container\">\n\t\t\t\t\t<div class=\"e-con-inner\">\n\t\t<div class=\"elementor-element elementor-element-812cc30 e-con-full e-flex e-con e-child\" data-id=\"812cc30\" data-element_type=\"container\" data-e-type=\"container\">\n\t\t\t\t<div class=\"elementor-element elementor-element-b767284 elementor-widget elementor-widget-text-editor\" data-id=\"b767284\" data-element_type=\"widget\" data-e-type=\"widget\" data-widget_type=\"text-editor.default\">\n\t\t\t\t<div class=\"elementor-widget-container\">\n\t\t\t\t\t\t\t\t\t<p>nuestra<\/p>\t\t\t\t\t\t\t\t<\/div>\n\t\t\t\t<\/div>\n\t\t\t\t<div class=\"elementor-element elementor-element-7258ee2 elementor-widget elementor-widget-text-editor\" data-id=\"7258ee2\" data-element_type=\"widget\" data-e-type=\"widget\" data-widget_type=\"text-editor.default\">\n\t\t\t\t<div class=\"elementor-widget-container\">\n\t\t\t\t\t\t\t\t\t<p>Historia<\/p>\t\t\t\t\t\t\t\t<\/div>\n\t\t\t\t<\/div>\n\t\t\t\t<\/div>\n\t\t\t\t\t<\/div>\n\t\t\t\t<\/div>\n\t\t\t\t\t<\/div>\n\t\t\t\t<\/div>\n\t\t<div class=\"elementor-element elementor-element-f6fd947 e-flex e-con-boxed e-con e-parent\" data-id=\"f6fd947\" data-element_type=\"container\" data-e-type=\"container\" data-settings=\"{&quot;background_background&quot;:&quot;classic&quot;}\">\n\t\t\t\t\t<div class=\"e-con-inner\">\n\t\t\t\t<div class=\"elementor-element elementor-element-73fc402 elementor-widget elementor-widget-spacer\" data-id=\"73fc402\" data-element_type=\"widget\" data-e-type=\"widget\" data-widget_type=\"spacer.default\">\n\t\t\t\t<div class=\"elementor-widget-container\">\n\t\t\t\t\t\t\t<div class=\"elementor-spacer\">\n\t\t\t<div class=\"elementor-spacer-inner\"><\/div>\n\t\t<\/div>\n\t\t\t\t\t\t<\/div>\n\t\t\t\t<\/div>\n\t\t<div class=\"elementor-element elementor-element-a1f26d9 e-con-full e-flex e-con e-child\" data-id=\"a1f26d9\" data-element_type=\"container\" data-e-type=\"container\">\n\t\t<div class=\"elementor-element elementor-element-a60c6fa e-con-full e-flex e-con e-child\" data-id=\"a60c6fa\" data-element_type=\"container\" data-e-type=\"container\">\n\t\t\t\t<div class=\"elementor-element elementor-element-d380a0d elementor-widget elementor-widget-image\" data-id=\"d380a0d\" data-element_type=\"widget\" data-e-type=\"widget\" data-widget_type=\"image.default\">\n\t\t\t\t<div class=\"elementor-widget-container\">\n\t\t\t\t\t\t\t\t\t\t\t\t\t\t\t<img fetchpriority=\"high\" decoding=\"async\" width=\"530\" height=\"588\" src=\"https:\/\/gicopa.be\/wp-content\/uploads\/2024\/03\/GICOPA___MR_ET_MME_GILLARD-copie-1-1.png\" class=\"attachment-large size-large wp-image-281\" alt=\"\" srcset=\"https:\/\/gicopa.be\/wp-content\/uploads\/2024\/03\/GICOPA___MR_ET_MME_GILLARD-copie-1-1.png 530w, https:\/\/gicopa.be\/wp-content\/uploads\/2024\/03\/GICOPA___MR_ET_MME_GILLARD-copie-1-1-270x300.png 270w\" sizes=\"(max-width: 530px) 100vw, 530px\" \/>\t\t\t\t\t\t\t\t\t\t\t\t\t\t\t<\/div>\n\t\t\t\t<\/div>\n\t\t\t\t<\/div>\n\t\t<div class=\"elementor-element elementor-element-f245057 e-con-full e-flex e-con e-child\" data-id=\"f245057\" data-element_type=\"container\" data-e-type=\"container\">\n\t\t\t\t<div class=\"elementor-element elementor-element-592eb0d elementor-widget elementor-widget-spacer\" data-id=\"592eb0d\" data-element_type=\"widget\" data-e-type=\"widget\" data-widget_type=\"spacer.default\">\n\t\t\t\t<div class=\"elementor-widget-container\">\n\t\t\t\t\t\t\t<div class=\"elementor-spacer\">\n\t\t\t<div class=\"elementor-spacer-inner\"><\/div>\n\t\t<\/div>\n\t\t\t\t\t\t<\/div>\n\t\t\t\t<\/div>\n\t\t\t\t<\/div>\n\t\t<div class=\"elementor-element elementor-element-a5eeead e-con-full e-flex e-con e-child\" data-id=\"a5eeead\" data-element_type=\"container\" data-e-type=\"container\">\n\t\t\t\t<div class=\"elementor-element elementor-element-c406b21 elementor-widget elementor-widget-text-editor\" data-id=\"c406b21\" data-element_type=\"widget\" data-e-type=\"widget\" data-widget_type=\"text-editor.default\">\n\t\t\t\t<div class=\"elementor-widget-container\">\n\t\t\t\t\t\t\t\t\tGI<span style=\"color: #ffff; font-family: playfair\">llard<\/span> CO<span style=\"color: #ffff; font-family: playfair\">nfiserie<\/span> PA<span style=\"color: #ffff; font-family: playfair\">in d\u2019\u00e9pice<\/span>\t\t\t\t\t\t\t\t<\/div>\n\t\t\t\t<\/div>\n\t\t\t\t<div class=\"elementor-element elementor-element-c9b2b94 elementor-widget elementor-widget-text-editor\" data-id=\"c9b2b94\" data-element_type=\"widget\" data-e-type=\"widget\" data-widget_type=\"text-editor.default\">\n\t\t\t\t<div class=\"elementor-widget-container\">\n\t\t\t\t\t\t\t\t\t<p>La historia de Gicopa (GIllard COnfiserie &amp; PAin d&rsquo;\u00e9pices) comienza en 1895 en el centro de Lieja, al sureste de B\u00e9lgica. El Sr. Gillard produce diariamente en su taller caramelos a base de az\u00facar, galletas como mazap\u00e1n, macarrones, pan de jengibre y chocolates. Con el paso de los a\u00f1os, la empresa se especializa cada vez m\u00e1s en la confiter\u00eda y los productos de la marca Gicopa se venden en todo el pa\u00eds en miles de peque\u00f1as tiendas, as\u00ed como en Carrefour, Delhaize y Colruyt.<\/p>\t\t\t\t\t\t\t\t<\/div>\n\t\t\t\t<\/div>\n\t\t\t\t<\/div>\n\t\t\t\t<\/div>\n\t\t\t\t\t<\/div>\n\t\t\t\t<\/div>\n\t\t<div class=\"elementor-element elementor-element-17465f8 e-flex e-con-boxed e-con e-parent\" data-id=\"17465f8\" data-element_type=\"container\" data-e-type=\"container\">\n\t\t\t\t\t<div class=\"e-con-inner\">\n\t\t<div class=\"elementor-element elementor-element-5840c5a e-con-full e-flex e-con e-child\" data-id=\"5840c5a\" data-element_type=\"container\" data-e-type=\"container\">\n\t\t\t\t<div class=\"elementor-element elementor-element-f1ebe76 elementor-widget elementor-widget-spacer\" data-id=\"f1ebe76\" data-element_type=\"widget\" data-e-type=\"widget\" data-widget_type=\"spacer.default\">\n\t\t\t\t<div class=\"elementor-widget-container\">\n\t\t\t\t\t\t\t<div class=\"elementor-spacer\">\n\t\t\t<div class=\"elementor-spacer-inner\"><\/div>\n\t\t<\/div>\n\t\t\t\t\t\t<\/div>\n\t\t\t\t<\/div>\n\t\t\t\t<div class=\"elementor-element elementor-element-f436ca0 elementor-widget elementor-widget-text-editor\" data-id=\"f436ca0\" data-element_type=\"widget\" data-e-type=\"widget\" data-widget_type=\"text-editor.default\">\n\t\t\t\t<div class=\"elementor-widget-container\">\n\t\t\t\t\t\t\t\t\t<p>GICOPA &#8211; famosa por La Vraie Violette de Li\u00e8ge\u00ae<\/p>\t\t\t\t\t\t\t\t<\/div>\n\t\t\t\t<\/div>\n\t\t\t\t<div class=\"elementor-element elementor-element-01a7a5a elementor-widget elementor-widget-text-editor\" data-id=\"01a7a5a\" data-element_type=\"widget\" data-e-type=\"widget\" data-widget_type=\"text-editor.default\">\n\t\t\t\t<div class=\"elementor-widget-container\">\n\t\t\t\t\t\t\t\t\t<p>Junto con La Violette de Toulouse, nuestra Vraie Violette de Li\u00e8ge\u00ae es probablemente el caramelo m\u00e1s nost\u00e1lgico del mundo. Una aut\u00e9ntica especialidad de Lieja, este caramelo en forma de flor se distribuye a las parejas de reci\u00e9n casados \u200b\u200ben el ayuntamiento de Lieja, que se llama La Violette y est\u00e1 situado en &#8230; la calle de la Violette.<br \/>Gicopa tambi\u00e9n es conocida por su gran variedad de otros sabores, as\u00ed como por los caramelos troceados que se venden en los mercados callejeros. Los caramelos de cereza muy \u00e1cida y de frambuesa se venden desde hace muchas d\u00e9cadas, as\u00ed como el regaliz, el eucalipto, la mezcla de flores, etc.<\/p>\t\t\t\t\t\t\t\t<\/div>\n\t\t\t\t<\/div>\n\t\t\t\t<div class=\"elementor-element elementor-element-6cb9865 elementor-widget elementor-widget-image\" data-id=\"6cb9865\" data-element_type=\"widget\" data-e-type=\"widget\" data-widget_type=\"image.default\">\n\t\t\t\t<div class=\"elementor-widget-container\">\n\t\t\t\t\t\t\t\t\t\t\t\t\t\t\t<img decoding=\"async\" width=\"800\" height=\"302\" src=\"https:\/\/gicopa.be\/wp-content\/uploads\/2024\/09\/Group-513_2-1024x386.png\" class=\"attachment-large size-large wp-image-3379\" alt=\"\" srcset=\"https:\/\/gicopa.be\/wp-content\/uploads\/2024\/09\/Group-513_2-1024x386.png 1024w, https:\/\/gicopa.be\/wp-content\/uploads\/2024\/09\/Group-513_2-300x113.png 300w, https:\/\/gicopa.be\/wp-content\/uploads\/2024\/09\/Group-513_2-768x290.png 768w, https:\/\/gicopa.be\/wp-content\/uploads\/2024\/09\/Group-513_2.png 1079w\" sizes=\"(max-width: 800px) 100vw, 800px\" \/>\t\t\t\t\t\t\t\t\t\t\t\t\t\t\t<\/div>\n\t\t\t\t<\/div>\n\t\t\t\t<div class=\"elementor-element elementor-element-abbec56 elementor-widget elementor-widget-spacer\" data-id=\"abbec56\" data-element_type=\"widget\" data-e-type=\"widget\" data-widget_type=\"spacer.default\">\n\t\t\t\t<div class=\"elementor-widget-container\">\n\t\t\t\t\t\t\t<div class=\"elementor-spacer\">\n\t\t\t<div class=\"elementor-spacer-inner\"><\/div>\n\t\t<\/div>\n\t\t\t\t\t\t<\/div>\n\t\t\t\t<\/div>\n\t\t\t\t<\/div>\n\t\t\t\t\t<\/div>\n\t\t\t\t<\/div>\n\t\t<div class=\"elementor-element elementor-element-2291969 e-flex e-con-boxed e-con e-parent\" data-id=\"2291969\" data-element_type=\"container\" data-e-type=\"container\" data-settings=\"{&quot;background_background&quot;:&quot;classic&quot;}\">\n\t\t\t\t\t<div class=\"e-con-inner\">\n\t\t<div class=\"elementor-element elementor-element-a8fb17c e-con-full e-flex e-con e-child\" data-id=\"a8fb17c\" data-element_type=\"container\" data-e-type=\"container\">\n\t\t<div class=\"elementor-element elementor-element-d30a02b e-con-full e-flex e-con e-child\" data-id=\"d30a02b\" data-element_type=\"container\" data-e-type=\"container\">\n\t\t\t\t<div class=\"elementor-element elementor-element-7431b89 elementor-widget elementor-widget-spacer\" data-id=\"7431b89\" data-element_type=\"widget\" data-e-type=\"widget\" data-widget_type=\"spacer.default\">\n\t\t\t\t<div class=\"elementor-widget-container\">\n\t\t\t\t\t\t\t<div class=\"elementor-spacer\">\n\t\t\t<div class=\"elementor-spacer-inner\"><\/div>\n\t\t<\/div>\n\t\t\t\t\t\t<\/div>\n\t\t\t\t<\/div>\n\t\t\t\t<div class=\"elementor-element elementor-element-be52fb6 elementor-widget elementor-widget-text-editor\" data-id=\"be52fb6\" data-element_type=\"widget\" data-e-type=\"widget\" data-widget_type=\"text-editor.default\">\n\t\t\t\t<div class=\"elementor-widget-container\">\n\t\t\t\t\t\t\t\t\t<p>130 A\u00d1OS DESPU\u00c9S<\/p>\t\t\t\t\t\t\t\t<\/div>\n\t\t\t\t<\/div>\n\t\t\t\t<div class=\"elementor-element elementor-element-0ed9490 elementor-widget elementor-widget-text-editor\" data-id=\"0ed9490\" data-element_type=\"widget\" data-e-type=\"widget\" data-widget_type=\"text-editor.default\">\n\t\t\t\t<div class=\"elementor-widget-container\">\n\t\t\t\t\t\t\t\t\t<p>La empresa productora de dulces artesanales sigue siendo una empresa familiar totalmente independiente. Con 8 empleados, seguimos produciendo dulces para todos, respetando nuestra historia y con recetas tradicionales transmitidas de generaci\u00f3n en generaci\u00f3n. Esta dedicaci\u00f3n total combinada con estrictos criterios de calidad y una \u00e9tica de trabajo moderna hacen que Gicopa est\u00e9 preparada para el futuro.<\/p>\t\t\t\t\t\t\t\t<\/div>\n\t\t\t\t<\/div>\n\t\t\t\t<\/div>\n\t\t<div class=\"elementor-element elementor-element-474c0fc e-con-full e-flex e-con e-child\" data-id=\"474c0fc\" data-element_type=\"container\" data-e-type=\"container\">\n\t\t\t\t<div class=\"elementor-element elementor-element-d3e74fc elementor-widget elementor-widget-image\" data-id=\"d3e74fc\" data-element_type=\"widget\" data-e-type=\"widget\" data-widget_type=\"image.default\">\n\t\t\t\t<div class=\"elementor-widget-container\">\n\t\t\t\t\t\t\t\t\t\t\t\t\t\t\t<img decoding=\"async\" width=\"499\" height=\"699\" src=\"https:\/\/gicopa.be\/wp-content\/uploads\/2024\/03\/Gicopa-portraits-1-1.png\" class=\"attachment-large size-large wp-image-450\" alt=\"\" srcset=\"https:\/\/gicopa.be\/wp-content\/uploads\/2024\/03\/Gicopa-portraits-1-1.png 499w, https:\/\/gicopa.be\/wp-content\/uploads\/2024\/03\/Gicopa-portraits-1-1-214x300.png 214w\" sizes=\"(max-width: 499px) 100vw, 499px\" \/>\t\t\t\t\t\t\t\t\t\t\t\t\t\t\t<\/div>\n\t\t\t\t<\/div>\n\t\t\t\t<\/div>\n\t\t\t\t<\/div>\n\t\t\t\t\t<\/div>\n\t\t\t\t<\/div>\n\t\t<div class=\"elementor-element elementor-element-4eea405 e-flex e-con-boxed e-con e-parent\" data-id=\"4eea405\" data-element_type=\"container\" data-e-type=\"container\">\n\t\t\t\t\t<div class=\"e-con-inner\">\n\t\t<div class=\"elementor-element elementor-element-114f653 e-con-full e-flex e-con e-child\" data-id=\"114f653\" data-element_type=\"container\" data-e-type=\"container\">\n\t\t<div class=\"elementor-element elementor-element-71dc764 e-flex e-con-boxed e-con e-child\" data-id=\"71dc764\" data-element_type=\"container\" data-e-type=\"container\">\n\t\t\t\t\t<div class=\"e-con-inner\">\n\t\t\t\t<div class=\"elementor-element elementor-element-062b689 elementor-align-right elementor-mobile-align-center elementor-widget elementor-widget-button\" data-id=\"062b689\" data-element_type=\"widget\" data-e-type=\"widget\" data-widget_type=\"button.default\">\n\t\t\t\t<div class=\"elementor-widget-container\">\n\t\t\t\t\t\t\t\t\t<div class=\"elementor-button-wrapper\">\n\t\t\t\t\t<a class=\"elementor-button elementor-button-link elementor-size-sm\" href=\"https:\/\/gicopa.be\/index.php\/our-candies\/?lang=es\">\n\t\t\t\t\t\t<span class=\"elementor-button-content-wrapper\">\n\t\t\t\t\t\t\t\t\t<span class=\"elementor-button-text\">Gicopa productos<\/span>\n\t\t\t\t\t<\/span>\n\t\t\t\t\t<\/a>\n\t\t\t\t<\/div>\n\t\t\t\t\t\t\t\t<\/div>\n\t\t\t\t<\/div>\n\t\t\t\t\t<\/div>\n\t\t\t\t<\/div>\n\t\t\t\t<\/div>\n\t\t<div class=\"elementor-element elementor-element-fe0adc9 e-con-full e-flex e-con e-child\" data-id=\"fe0adc9\" data-element_type=\"container\" data-e-type=\"container\">\n\t\t<div class=\"elementor-element elementor-element-acf4cae e-flex e-con-boxed e-con e-child\" data-id=\"acf4cae\" data-element_type=\"container\" data-e-type=\"container\">\n\t\t\t\t\t<div class=\"e-con-inner\">\n\t\t\t\t<div class=\"elementor-element elementor-element-9c4736b elementor-mobile-align-center elementor-widget elementor-widget-button\" data-id=\"9c4736b\" data-element_type=\"widget\" data-e-type=\"widget\" data-widget_type=\"button.default\">\n\t\t\t\t<div class=\"elementor-widget-container\">\n\t\t\t\t\t\t\t\t\t<div class=\"elementor-button-wrapper\">\n\t\t\t\t\t<a class=\"elementor-button elementor-button-link elementor-size-sm\" href=\"https:\/\/gicopa.be\/index.php\/particuliers\/?lang=es\">\n\t\t\t\t\t\t<span class=\"elementor-button-content-wrapper\">\n\t\t\t\t\t\t\t\t\t<span class=\"elementor-button-text\">D\u00f3nde encontrar Gicopa<\/span>\n\t\t\t\t\t<\/span>\n\t\t\t\t\t<\/a>\n\t\t\t\t<\/div>\n\t\t\t\t\t\t\t\t<\/div>\n\t\t\t\t<\/div>\n\t\t\t\t\t<\/div>\n\t\t\t\t<\/div>\n\t\t\t\t<\/div>\n\t\t\t\t\t<\/div>\n\t\t\t\t<\/div>\n\t\t\t\t<\/div>\n\t\t","protected":false},"excerpt":{"rendered":"<p>nuestra Historia GIllard COnfiserie PAin d\u2019\u00e9pice La historia de Gicopa (GIllard COnfiserie &amp; PAin d&rsquo;\u00e9pices) comienza en 1895 en el centro de Lieja, al sureste de B\u00e9lgica. El Sr. Gillard produce diariamente en su taller caramelos a base de az\u00facar, galletas como mazap\u00e1n, macarrones, pan de jengibre y chocolates. Con el paso de los a\u00f1os, [&hellip;]<\/p>\n","protected":false},"author":2,"featured_media":0,"parent":0,"menu_order":0,"comment_status":"closed","ping_status":"closed","template":"","meta":{"_acf_changed":false,"footnotes":""},"class_list":["post-4245","page","type-page","status-publish","hentry"],"acf":[],"yoast_head":"<!-- This site is optimized with the Yoast SEO plugin v27.4 - https:\/\/yoast.com\/product\/yoast-seo-wordpress\/ -->\n<title>nuestra historia - Gicopa<\/title>\n<meta name=\"robots\" content=\"index, follow, max-snippet:-1, max-image-preview:large, max-video-preview:-1\" \/>\n<link rel=\"canonical\" href=\"https:\/\/gicopa.be\/index.php\/our-story\/\" \/>\n<meta property=\"og:locale\" content=\"fr_FR\" \/>\n<meta property=\"og:type\" content=\"article\" \/>\n<meta property=\"og:title\" content=\"nuestra historia - Gicopa\" \/>\n<meta property=\"og:description\" content=\"nuestra Historia GIllard COnfiserie PAin d\u2019\u00e9pice La historia de Gicopa (GIllard COnfiserie &amp; PAin d&rsquo;\u00e9pices) comienza en 1895 en el centro de Lieja, al sureste de B\u00e9lgica. El Sr. Gillard produce diariamente en su taller caramelos a base de az\u00facar, galletas como mazap\u00e1n, macarrones, pan de jengibre y chocolates. Con el paso de los a\u00f1os, [&hellip;]\" \/>\n<meta property=\"og:url\" content=\"https:\/\/gicopa.be\/index.php\/our-story\/?lang=es\" \/>\n<meta property=\"og:site_name\" content=\"Gicopa\" \/>\n<meta property=\"article:modified_time\" content=\"2024-10-01T14:19:55+00:00\" \/>\n<meta property=\"og:image\" content=\"https:\/\/gicopa.be\/wp-content\/uploads\/2024\/03\/GICOPA___MR_ET_MME_GILLARD-copie-1-1.png\" \/>\n<meta name=\"twitter:card\" content=\"summary_large_image\" \/>\n<meta name=\"twitter:label1\" content=\"Dur\u00e9e de lecture estim\u00e9e\" \/>\n\t<meta name=\"twitter:data1\" content=\"2 minutes\" \/>\n<script type=\"application\/ld+json\" class=\"yoast-schema-graph\">{\"@context\":\"https:\\\/\\\/schema.org\",\"@graph\":[{\"@type\":\"WebPage\",\"@id\":\"https:\\\/\\\/gicopa.be\\\/index.php\\\/our-story\\\/?lang=es\",\"url\":\"https:\\\/\\\/gicopa.be\\\/index.php\\\/our-story\\\/?lang=es\",\"name\":\"nuestra historia - Gicopa\",\"isPartOf\":{\"@id\":\"https:\\\/\\\/gicopa.be\\\/#website\"},\"primaryImageOfPage\":{\"@id\":\"https:\\\/\\\/gicopa.be\\\/index.php\\\/our-story\\\/?lang=es#primaryimage\"},\"image\":{\"@id\":\"https:\\\/\\\/gicopa.be\\\/index.php\\\/our-story\\\/?lang=es#primaryimage\"},\"thumbnailUrl\":\"https:\\\/\\\/gicopa.be\\\/wp-content\\\/uploads\\\/2024\\\/03\\\/GICOPA___MR_ET_MME_GILLARD-copie-1-1.png\",\"datePublished\":\"2024-03-13T08:25:05+00:00\",\"dateModified\":\"2024-10-01T14:19:55+00:00\",\"breadcrumb\":{\"@id\":\"https:\\\/\\\/gicopa.be\\\/index.php\\\/our-story\\\/?lang=es#breadcrumb\"},\"inLanguage\":\"fr-FR\",\"potentialAction\":[{\"@type\":\"ReadAction\",\"target\":[\"https:\\\/\\\/gicopa.be\\\/index.php\\\/our-story\\\/?lang=es\"]}]},{\"@type\":\"ImageObject\",\"inLanguage\":\"fr-FR\",\"@id\":\"https:\\\/\\\/gicopa.be\\\/index.php\\\/our-story\\\/?lang=es#primaryimage\",\"url\":\"https:\\\/\\\/gicopa.be\\\/wp-content\\\/uploads\\\/2024\\\/03\\\/GICOPA___MR_ET_MME_GILLARD-copie-1-1.png\",\"contentUrl\":\"https:\\\/\\\/gicopa.be\\\/wp-content\\\/uploads\\\/2024\\\/03\\\/GICOPA___MR_ET_MME_GILLARD-copie-1-1.png\"},{\"@type\":\"BreadcrumbList\",\"@id\":\"https:\\\/\\\/gicopa.be\\\/index.php\\\/our-story\\\/?lang=es#breadcrumb\",\"itemListElement\":[{\"@type\":\"ListItem\",\"position\":1,\"name\":\"Accueil\",\"item\":\"https:\\\/\\\/gicopa.be\\\/\"},{\"@type\":\"ListItem\",\"position\":2,\"name\":\"nuestra historia\"}]},{\"@type\":\"WebSite\",\"@id\":\"https:\\\/\\\/gicopa.be\\\/#website\",\"url\":\"https:\\\/\\\/gicopa.be\\\/\",\"name\":\"Gicopa\",\"description\":\"Gicopa. La confiserie belge artisanale.\",\"publisher\":{\"@id\":\"https:\\\/\\\/gicopa.be\\\/#organization\"},\"potentialAction\":[{\"@type\":\"SearchAction\",\"target\":{\"@type\":\"EntryPoint\",\"urlTemplate\":\"https:\\\/\\\/gicopa.be\\\/?s={search_term_string}\"},\"query-input\":{\"@type\":\"PropertyValueSpecification\",\"valueRequired\":true,\"valueName\":\"search_term_string\"}}],\"inLanguage\":\"fr-FR\"},{\"@type\":\"Organization\",\"@id\":\"https:\\\/\\\/gicopa.be\\\/#organization\",\"name\":\"Gicopa\",\"url\":\"https:\\\/\\\/gicopa.be\\\/\",\"logo\":{\"@type\":\"ImageObject\",\"inLanguage\":\"fr-FR\",\"@id\":\"https:\\\/\\\/gicopa.be\\\/#\\\/schema\\\/logo\\\/image\\\/\",\"url\":\"https:\\\/\\\/gicopa.be\\\/wp-content\\\/uploads\\\/2023\\\/08\\\/LOGO-gicopa.svg\",\"contentUrl\":\"https:\\\/\\\/gicopa.be\\\/wp-content\\\/uploads\\\/2023\\\/08\\\/LOGO-gicopa.svg\",\"width\":1094,\"height\":606,\"caption\":\"Gicopa\"},\"image\":{\"@id\":\"https:\\\/\\\/gicopa.be\\\/#\\\/schema\\\/logo\\\/image\\\/\"}}]}<\/script>\n<!-- \/ Yoast SEO plugin. -->","yoast_head_json":{"title":"nuestra historia - Gicopa","robots":{"index":"index","follow":"follow","max-snippet":"max-snippet:-1","max-image-preview":"max-image-preview:large","max-video-preview":"max-video-preview:-1"},"canonical":"https:\/\/gicopa.be\/index.php\/our-story\/","og_locale":"fr_FR","og_type":"article","og_title":"nuestra historia - Gicopa","og_description":"nuestra Historia GIllard COnfiserie PAin d\u2019\u00e9pice La historia de Gicopa (GIllard COnfiserie &amp; PAin d&rsquo;\u00e9pices) comienza en 1895 en el centro de Lieja, al sureste de B\u00e9lgica. El Sr. Gillard produce diariamente en su taller caramelos a base de az\u00facar, galletas como mazap\u00e1n, macarrones, pan de jengibre y chocolates. Con el paso de los a\u00f1os, [&hellip;]","og_url":"https:\/\/gicopa.be\/index.php\/our-story\/?lang=es","og_site_name":"Gicopa","article_modified_time":"2024-10-01T14:19:55+00:00","og_image":[{"url":"https:\/\/gicopa.be\/wp-content\/uploads\/2024\/03\/GICOPA___MR_ET_MME_GILLARD-copie-1-1.png","type":"","width":"","height":""}],"twitter_card":"summary_large_image","twitter_misc":{"Dur\u00e9e de lecture estim\u00e9e":"2 minutes"},"schema":{"@context":"https:\/\/schema.org","@graph":[{"@type":"WebPage","@id":"https:\/\/gicopa.be\/index.php\/our-story\/?lang=es","url":"https:\/\/gicopa.be\/index.php\/our-story\/?lang=es","name":"nuestra historia - Gicopa","isPartOf":{"@id":"https:\/\/gicopa.be\/#website"},"primaryImageOfPage":{"@id":"https:\/\/gicopa.be\/index.php\/our-story\/?lang=es#primaryimage"},"image":{"@id":"https:\/\/gicopa.be\/index.php\/our-story\/?lang=es#primaryimage"},"thumbnailUrl":"https:\/\/gicopa.be\/wp-content\/uploads\/2024\/03\/GICOPA___MR_ET_MME_GILLARD-copie-1-1.png","datePublished":"2024-03-13T08:25:05+00:00","dateModified":"2024-10-01T14:19:55+00:00","breadcrumb":{"@id":"https:\/\/gicopa.be\/index.php\/our-story\/?lang=es#breadcrumb"},"inLanguage":"fr-FR","potentialAction":[{"@type":"ReadAction","target":["https:\/\/gicopa.be\/index.php\/our-story\/?lang=es"]}]},{"@type":"ImageObject","inLanguage":"fr-FR","@id":"https:\/\/gicopa.be\/index.php\/our-story\/?lang=es#primaryimage","url":"https:\/\/gicopa.be\/wp-content\/uploads\/2024\/03\/GICOPA___MR_ET_MME_GILLARD-copie-1-1.png","contentUrl":"https:\/\/gicopa.be\/wp-content\/uploads\/2024\/03\/GICOPA___MR_ET_MME_GILLARD-copie-1-1.png"},{"@type":"BreadcrumbList","@id":"https:\/\/gicopa.be\/index.php\/our-story\/?lang=es#breadcrumb","itemListElement":[{"@type":"ListItem","position":1,"name":"Accueil","item":"https:\/\/gicopa.be\/"},{"@type":"ListItem","position":2,"name":"nuestra historia"}]},{"@type":"WebSite","@id":"https:\/\/gicopa.be\/#website","url":"https:\/\/gicopa.be\/","name":"Gicopa","description":"Gicopa. La confiserie belge artisanale.","publisher":{"@id":"https:\/\/gicopa.be\/#organization"},"potentialAction":[{"@type":"SearchAction","target":{"@type":"EntryPoint","urlTemplate":"https:\/\/gicopa.be\/?s={search_term_string}"},"query-input":{"@type":"PropertyValueSpecification","valueRequired":true,"valueName":"search_term_string"}}],"inLanguage":"fr-FR"},{"@type":"Organization","@id":"https:\/\/gicopa.be\/#organization","name":"Gicopa","url":"https:\/\/gicopa.be\/","logo":{"@type":"ImageObject","inLanguage":"fr-FR","@id":"https:\/\/gicopa.be\/#\/schema\/logo\/image\/","url":"https:\/\/gicopa.be\/wp-content\/uploads\/2023\/08\/LOGO-gicopa.svg","contentUrl":"https:\/\/gicopa.be\/wp-content\/uploads\/2023\/08\/LOGO-gicopa.svg","width":1094,"height":606,"caption":"Gicopa"},"image":{"@id":"https:\/\/gicopa.be\/#\/schema\/logo\/image\/"}}]}},"_links":{"self":[{"href":"https:\/\/gicopa.be\/index.php\/wp-json\/wp\/v2\/pages\/4245","targetHints":{"allow":["GET"]}}],"collection":[{"href":"https:\/\/gicopa.be\/index.php\/wp-json\/wp\/v2\/pages"}],"about":[{"href":"https:\/\/gicopa.be\/index.php\/wp-json\/wp\/v2\/types\/page"}],"author":[{"embeddable":true,"href":"https:\/\/gicopa.be\/index.php\/wp-json\/wp\/v2\/users\/2"}],"replies":[{"embeddable":true,"href":"https:\/\/gicopa.be\/index.php\/wp-json\/wp\/v2\/comments?post=4245"}],"version-history":[{"count":11,"href":"https:\/\/gicopa.be\/index.php\/wp-json\/wp\/v2\/pages\/4245\/revisions"}],"predecessor-version":[{"id":4603,"href":"https:\/\/gicopa.be\/index.php\/wp-json\/wp\/v2\/pages\/4245\/revisions\/4603"}],"wp:attachment":[{"href":"https:\/\/gicopa.be\/index.php\/wp-json\/wp\/v2\/media?parent=4245"}],"curies":[{"name":"wp","href":"https:\/\/api.w.org\/{rel}","templated":true}]}}