{"id":257,"date":"2024-03-13T08:25:05","date_gmt":"2024-03-13T08:25:05","guid":{"rendered":"https:\/\/gicopa.be\/?page_id=257"},"modified":"2024-09-23T07:44:09","modified_gmt":"2024-09-23T07:44:09","slug":"our-story","status":"publish","type":"page","link":"https:\/\/gicopa.be\/index.php\/our-story\/","title":{"rendered":"notre histoire"},"content":{"rendered":"\t\t<div data-elementor-type=\"wp-page\" data-elementor-id=\"257\" class=\"elementor elementor-257\" data-elementor-post-type=\"page\">\n\t\t\t\t<div class=\"elementor-element elementor-element-111cadf e-flex e-con-boxed e-con e-parent\" data-id=\"111cadf\" data-element_type=\"container\" data-e-type=\"container\" data-settings=\"{&quot;background_background&quot;:&quot;classic&quot;}\">\n\t\t\t\t\t<div class=\"e-con-inner\">\n\t\t<div class=\"elementor-element elementor-element-2389ca6 e-flex e-con-boxed e-con e-child\" data-id=\"2389ca6\" data-element_type=\"container\" data-e-type=\"container\">\n\t\t\t\t\t<div class=\"e-con-inner\">\n\t\t<div class=\"elementor-element elementor-element-812cc30 e-con-full e-flex e-con e-child\" data-id=\"812cc30\" data-element_type=\"container\" data-e-type=\"container\">\n\t\t\t\t<div class=\"elementor-element elementor-element-b767284 elementor-widget elementor-widget-text-editor\" data-id=\"b767284\" data-element_type=\"widget\" data-e-type=\"widget\" data-widget_type=\"text-editor.default\">\n\t\t\t\t<div class=\"elementor-widget-container\">\n\t\t\t\t\t\t\t\t\t<p>Notre<\/p>\t\t\t\t\t\t\t\t<\/div>\n\t\t\t\t<\/div>\n\t\t\t\t<div class=\"elementor-element elementor-element-7258ee2 elementor-widget elementor-widget-text-editor\" data-id=\"7258ee2\" data-element_type=\"widget\" data-e-type=\"widget\" data-widget_type=\"text-editor.default\">\n\t\t\t\t<div class=\"elementor-widget-container\">\n\t\t\t\t\t\t\t\t\t<p>Histoire<\/p>\t\t\t\t\t\t\t\t<\/div>\n\t\t\t\t<\/div>\n\t\t\t\t<\/div>\n\t\t\t\t\t<\/div>\n\t\t\t\t<\/div>\n\t\t\t\t\t<\/div>\n\t\t\t\t<\/div>\n\t\t<div class=\"elementor-element elementor-element-f6fd947 e-flex e-con-boxed e-con e-parent\" data-id=\"f6fd947\" data-element_type=\"container\" data-e-type=\"container\" data-settings=\"{&quot;background_background&quot;:&quot;classic&quot;}\">\n\t\t\t\t\t<div class=\"e-con-inner\">\n\t\t\t\t<div class=\"elementor-element elementor-element-73fc402 elementor-widget elementor-widget-spacer\" data-id=\"73fc402\" data-element_type=\"widget\" data-e-type=\"widget\" data-widget_type=\"spacer.default\">\n\t\t\t\t<div class=\"elementor-widget-container\">\n\t\t\t\t\t\t\t<div class=\"elementor-spacer\">\n\t\t\t<div class=\"elementor-spacer-inner\"><\/div>\n\t\t<\/div>\n\t\t\t\t\t\t<\/div>\n\t\t\t\t<\/div>\n\t\t<div class=\"elementor-element elementor-element-a1f26d9 e-con-full e-flex e-con e-child\" data-id=\"a1f26d9\" data-element_type=\"container\" data-e-type=\"container\">\n\t\t<div class=\"elementor-element elementor-element-a60c6fa e-con-full e-flex e-con e-child\" data-id=\"a60c6fa\" data-element_type=\"container\" data-e-type=\"container\">\n\t\t\t\t<div class=\"elementor-element elementor-element-d380a0d elementor-widget elementor-widget-image\" data-id=\"d380a0d\" data-element_type=\"widget\" data-e-type=\"widget\" data-widget_type=\"image.default\">\n\t\t\t\t<div class=\"elementor-widget-container\">\n\t\t\t\t\t\t\t\t\t\t\t\t\t\t\t<img fetchpriority=\"high\" decoding=\"async\" width=\"530\" height=\"588\" src=\"https:\/\/gicopa.be\/wp-content\/uploads\/2024\/03\/GICOPA___MR_ET_MME_GILLARD-copie-1-1.png\" class=\"attachment-large size-large wp-image-276\" alt=\"\" srcset=\"https:\/\/gicopa.be\/wp-content\/uploads\/2024\/03\/GICOPA___MR_ET_MME_GILLARD-copie-1-1.png 530w, https:\/\/gicopa.be\/wp-content\/uploads\/2024\/03\/GICOPA___MR_ET_MME_GILLARD-copie-1-1-270x300.png 270w\" sizes=\"(max-width: 530px) 100vw, 530px\" \/>\t\t\t\t\t\t\t\t\t\t\t\t\t\t\t<\/div>\n\t\t\t\t<\/div>\n\t\t\t\t<\/div>\n\t\t<div class=\"elementor-element elementor-element-f245057 e-con-full e-flex e-con e-child\" data-id=\"f245057\" data-element_type=\"container\" data-e-type=\"container\">\n\t\t\t\t<div class=\"elementor-element elementor-element-592eb0d elementor-widget elementor-widget-spacer\" data-id=\"592eb0d\" data-element_type=\"widget\" data-e-type=\"widget\" data-widget_type=\"spacer.default\">\n\t\t\t\t<div class=\"elementor-widget-container\">\n\t\t\t\t\t\t\t<div class=\"elementor-spacer\">\n\t\t\t<div class=\"elementor-spacer-inner\"><\/div>\n\t\t<\/div>\n\t\t\t\t\t\t<\/div>\n\t\t\t\t<\/div>\n\t\t\t\t<\/div>\n\t\t<div class=\"elementor-element elementor-element-a5eeead e-con-full e-flex e-con e-child\" data-id=\"a5eeead\" data-element_type=\"container\" data-e-type=\"container\">\n\t\t\t\t<div class=\"elementor-element elementor-element-c406b21 elementor-widget elementor-widget-text-editor\" data-id=\"c406b21\" data-element_type=\"widget\" data-e-type=\"widget\" data-widget_type=\"text-editor.default\">\n\t\t\t\t<div class=\"elementor-widget-container\">\n\t\t\t\t\t\t\t\t\tGI<span style=\"color: #ffff; font-family: playfair\">llard<\/span> CO<span style=\"color: #ffff; font-family: playfair\">nfiserie<\/span> PA<span style=\"color: #ffff; font-family: playfair\">in d\u2019\u00e9pice<\/span>\t\t\t\t\t\t\t\t<\/div>\n\t\t\t\t<\/div>\n\t\t\t\t<div class=\"elementor-element elementor-element-c9b2b94 elementor-widget elementor-widget-text-editor\" data-id=\"c9b2b94\" data-element_type=\"widget\" data-e-type=\"widget\" data-widget_type=\"text-editor.default\">\n\t\t\t\t<div class=\"elementor-widget-container\">\n\t\t\t\t\t\t\t\t\t<p>L&rsquo;histoire de Gicopa (GIllard COnfiserie &amp; PAin d&rsquo;\u00e9pices) commence en 1895 au centre de Li\u00e8ge, dans une rue pi\u00e9tonne \u00e0 Herstal. Au quotidien Monsieur Gillard produit dans son atelier des bonbons \u00e0 base de sucre cuit, des biscuits comme le massepain cuit, des macarons, du pain d&rsquo;\u00e9pices ainsi que des chocolats. Au fil des ann\u00e9es, l&rsquo;entreprise se sp\u00e9cialise progressivement dans la confiserie, les produits de la marque Gicopa \u00e9tant vendus dans toute la Belgique dans des milliers de petits magasins ainsi que chez Carrefour, Delhaize et Colruyt.<\/p>\t\t\t\t\t\t\t\t<\/div>\n\t\t\t\t<\/div>\n\t\t\t\t<\/div>\n\t\t\t\t<\/div>\n\t\t\t\t\t<\/div>\n\t\t\t\t<\/div>\n\t\t<div class=\"elementor-element elementor-element-17465f8 e-flex e-con-boxed e-con e-parent\" data-id=\"17465f8\" data-element_type=\"container\" data-e-type=\"container\">\n\t\t\t\t\t<div class=\"e-con-inner\">\n\t\t<div class=\"elementor-element elementor-element-5840c5a e-con-full e-flex e-con e-child\" data-id=\"5840c5a\" data-element_type=\"container\" data-e-type=\"container\">\n\t\t\t\t<div class=\"elementor-element elementor-element-f1ebe76 elementor-widget elementor-widget-spacer\" data-id=\"f1ebe76\" data-element_type=\"widget\" data-e-type=\"widget\" data-widget_type=\"spacer.default\">\n\t\t\t\t<div class=\"elementor-widget-container\">\n\t\t\t\t\t\t\t<div class=\"elementor-spacer\">\n\t\t\t<div class=\"elementor-spacer-inner\"><\/div>\n\t\t<\/div>\n\t\t\t\t\t\t<\/div>\n\t\t\t\t<\/div>\n\t\t\t\t<div class=\"elementor-element elementor-element-f436ca0 elementor-widget elementor-widget-text-editor\" data-id=\"f436ca0\" data-element_type=\"widget\" data-e-type=\"widget\" data-widget_type=\"text-editor.default\">\n\t\t\t\t<div class=\"elementor-widget-container\">\n\t\t\t\t\t\t\t\t\t<p>GICOPA, c\u2019est aussi la vraie violette de Li\u00e8ge\u00ae<\/p>\t\t\t\t\t\t\t\t<\/div>\n\t\t\t\t<\/div>\n\t\t\t\t<div class=\"elementor-element elementor-element-01a7a5a elementor-widget elementor-widget-text-editor\" data-id=\"01a7a5a\" data-element_type=\"widget\" data-e-type=\"widget\" data-widget_type=\"text-editor.default\">\n\t\t\t\t<div class=\"elementor-widget-container\">\n\t\t\t\t\t\t\t\t\t<p>Avec La Violette de Toulouse, notre Vraie Violette de Li\u00e8ge\u00ae est probablement le bonbon le plus nostalgique du monde. V\u00e9ritable sp\u00e9cialit\u00e9 li\u00e9geoise, ce bonbon en forme de fleur est distribu\u00e9 aux jeunes mari\u00e9s \u00e0 la mairie de Li\u00e8ge qui s&rsquo;appelle La Violette et qui est situ\u00e9e&#8230; rue de la Violette.<br \/>Gicopa est \u00e9galement bien connu pour sa grande vari\u00e9t\u00e9 d&rsquo;autres saveurs, ainsi que pour les bonbons cass\u00e9s vendus sur les march\u00e9s. La cerise citrique et la framboise sont vendues depuis de nombreuses ann\u00e9es, tout comme l&rsquo;anis, l&rsquo;eucalyptus, les fleurs assorties, etc. etc.<\/p>\t\t\t\t\t\t\t\t<\/div>\n\t\t\t\t<\/div>\n\t\t\t\t<div class=\"elementor-element elementor-element-6cb9865 elementor-widget elementor-widget-image\" data-id=\"6cb9865\" data-element_type=\"widget\" data-e-type=\"widget\" data-widget_type=\"image.default\">\n\t\t\t\t<div class=\"elementor-widget-container\">\n\t\t\t\t\t\t\t\t\t\t\t\t\t\t\t<img decoding=\"async\" width=\"800\" height=\"302\" src=\"https:\/\/gicopa.be\/wp-content\/uploads\/2024\/09\/Group-513_3-1024x386.png\" class=\"attachment-large size-large wp-image-3374\" alt=\"\" srcset=\"https:\/\/gicopa.be\/wp-content\/uploads\/2024\/09\/Group-513_3-1024x386.png 1024w, https:\/\/gicopa.be\/wp-content\/uploads\/2024\/09\/Group-513_3-300x113.png 300w, https:\/\/gicopa.be\/wp-content\/uploads\/2024\/09\/Group-513_3-768x290.png 768w, https:\/\/gicopa.be\/wp-content\/uploads\/2024\/09\/Group-513_3.png 1079w\" sizes=\"(max-width: 800px) 100vw, 800px\" \/>\t\t\t\t\t\t\t\t\t\t\t\t\t\t\t<\/div>\n\t\t\t\t<\/div>\n\t\t\t\t<div class=\"elementor-element elementor-element-abbec56 elementor-widget elementor-widget-spacer\" data-id=\"abbec56\" data-element_type=\"widget\" data-e-type=\"widget\" data-widget_type=\"spacer.default\">\n\t\t\t\t<div class=\"elementor-widget-container\">\n\t\t\t\t\t\t\t<div class=\"elementor-spacer\">\n\t\t\t<div class=\"elementor-spacer-inner\"><\/div>\n\t\t<\/div>\n\t\t\t\t\t\t<\/div>\n\t\t\t\t<\/div>\n\t\t\t\t<\/div>\n\t\t\t\t\t<\/div>\n\t\t\t\t<\/div>\n\t\t<div class=\"elementor-element elementor-element-2291969 e-flex e-con-boxed e-con e-parent\" data-id=\"2291969\" data-element_type=\"container\" data-e-type=\"container\" data-settings=\"{&quot;background_background&quot;:&quot;classic&quot;}\">\n\t\t\t\t\t<div class=\"e-con-inner\">\n\t\t<div class=\"elementor-element elementor-element-a8fb17c e-con-full e-flex e-con e-child\" data-id=\"a8fb17c\" data-element_type=\"container\" data-e-type=\"container\">\n\t\t<div class=\"elementor-element elementor-element-d30a02b e-con-full e-flex e-con e-child\" data-id=\"d30a02b\" data-element_type=\"container\" data-e-type=\"container\">\n\t\t\t\t<div class=\"elementor-element elementor-element-7431b89 elementor-widget elementor-widget-spacer\" data-id=\"7431b89\" data-element_type=\"widget\" data-e-type=\"widget\" data-widget_type=\"spacer.default\">\n\t\t\t\t<div class=\"elementor-widget-container\">\n\t\t\t\t\t\t\t<div class=\"elementor-spacer\">\n\t\t\t<div class=\"elementor-spacer-inner\"><\/div>\n\t\t<\/div>\n\t\t\t\t\t\t<\/div>\n\t\t\t\t<\/div>\n\t\t\t\t<div class=\"elementor-element elementor-element-be52fb6 elementor-widget elementor-widget-text-editor\" data-id=\"be52fb6\" data-element_type=\"widget\" data-e-type=\"widget\" data-widget_type=\"text-editor.default\">\n\t\t\t\t<div class=\"elementor-widget-container\">\n\t\t\t\t\t\t\t\t\t<p>130 ans plus tard&#8230;<\/p>\t\t\t\t\t\t\t\t<\/div>\n\t\t\t\t<\/div>\n\t\t\t\t<div class=\"elementor-element elementor-element-0ed9490 elementor-widget elementor-widget-text-editor\" data-id=\"0ed9490\" data-element_type=\"widget\" data-e-type=\"widget\" data-widget_type=\"text-editor.default\">\n\t\t\t\t<div class=\"elementor-widget-container\">\n\t\t\t\t\t\t\t\t\t<p>Le producteur de bonbons artisanaux est toujours une entreprise familiale totalement ind\u00e9pendante. Avec nos 8 salari\u00e9s nous continuons de produire des confiseries pour tous, dans le respect de notre histoire et avec des recettes traditionnelles transmises de g\u00e9n\u00e9ration en g\u00e9n\u00e9ration. Ce d\u00e9vouement total, combin\u00e9 \u00e0 des crit\u00e8res de qualit\u00e9 stricts et \u00e0 une \u00e9thique de travail moderne, rend Gicopa comp\u00e9titif et pr\u00eat pour l&rsquo;avenir.<\/p>\t\t\t\t\t\t\t\t<\/div>\n\t\t\t\t<\/div>\n\t\t\t\t<\/div>\n\t\t<div class=\"elementor-element elementor-element-474c0fc e-con-full e-flex e-con e-child\" data-id=\"474c0fc\" data-element_type=\"container\" data-e-type=\"container\">\n\t\t\t\t<div class=\"elementor-element elementor-element-d3e74fc elementor-widget elementor-widget-image\" data-id=\"d3e74fc\" data-element_type=\"widget\" data-e-type=\"widget\" data-widget_type=\"image.default\">\n\t\t\t\t<div class=\"elementor-widget-container\">\n\t\t\t\t\t\t\t\t\t\t\t\t\t\t\t<img decoding=\"async\" width=\"499\" height=\"699\" src=\"https:\/\/gicopa.be\/wp-content\/uploads\/2024\/03\/Gicopa-portraits-1-1.png\" class=\"attachment-large size-large wp-image-445\" alt=\"\" srcset=\"https:\/\/gicopa.be\/wp-content\/uploads\/2024\/03\/Gicopa-portraits-1-1.png 499w, https:\/\/gicopa.be\/wp-content\/uploads\/2024\/03\/Gicopa-portraits-1-1-214x300.png 214w\" sizes=\"(max-width: 499px) 100vw, 499px\" \/>\t\t\t\t\t\t\t\t\t\t\t\t\t\t\t<\/div>\n\t\t\t\t<\/div>\n\t\t\t\t<\/div>\n\t\t\t\t<\/div>\n\t\t\t\t\t<\/div>\n\t\t\t\t<\/div>\n\t\t<div class=\"elementor-element elementor-element-4eea405 e-flex e-con-boxed e-con e-parent\" data-id=\"4eea405\" data-element_type=\"container\" data-e-type=\"container\">\n\t\t\t\t\t<div class=\"e-con-inner\">\n\t\t<div class=\"elementor-element elementor-element-114f653 e-con-full e-flex e-con e-child\" data-id=\"114f653\" data-element_type=\"container\" data-e-type=\"container\">\n\t\t<div class=\"elementor-element elementor-element-71dc764 e-flex e-con-boxed e-con e-child\" data-id=\"71dc764\" data-element_type=\"container\" data-e-type=\"container\">\n\t\t\t\t\t<div class=\"e-con-inner\">\n\t\t\t\t<div class=\"elementor-element elementor-element-062b689 elementor-align-right elementor-mobile-align-center elementor-widget elementor-widget-button\" data-id=\"062b689\" data-element_type=\"widget\" data-e-type=\"widget\" data-widget_type=\"button.default\">\n\t\t\t\t<div class=\"elementor-widget-container\">\n\t\t\t\t\t\t\t\t\t<div class=\"elementor-button-wrapper\">\n\t\t\t\t\t<a class=\"elementor-button elementor-button-link elementor-size-sm\" href=\"https:\/\/gicopa.be\/index.php\/our-candies\/\">\n\t\t\t\t\t\t<span class=\"elementor-button-content-wrapper\">\n\t\t\t\t\t\t\t\t\t<span class=\"elementor-button-text\">nos produits<\/span>\n\t\t\t\t\t<\/span>\n\t\t\t\t\t<\/a>\n\t\t\t\t<\/div>\n\t\t\t\t\t\t\t\t<\/div>\n\t\t\t\t<\/div>\n\t\t\t\t\t<\/div>\n\t\t\t\t<\/div>\n\t\t\t\t<\/div>\n\t\t<div class=\"elementor-element elementor-element-fe0adc9 e-con-full e-flex e-con e-child\" data-id=\"fe0adc9\" data-element_type=\"container\" data-e-type=\"container\">\n\t\t<div class=\"elementor-element elementor-element-acf4cae e-flex e-con-boxed e-con e-child\" data-id=\"acf4cae\" data-element_type=\"container\" data-e-type=\"container\">\n\t\t\t\t\t<div class=\"e-con-inner\">\n\t\t\t\t<div class=\"elementor-element elementor-element-9c4736b elementor-mobile-align-center elementor-widget elementor-widget-button\" data-id=\"9c4736b\" data-element_type=\"widget\" data-e-type=\"widget\" data-widget_type=\"button.default\">\n\t\t\t\t<div class=\"elementor-widget-container\">\n\t\t\t\t\t\t\t\t\t<div class=\"elementor-button-wrapper\">\n\t\t\t\t\t<a class=\"elementor-button elementor-button-link elementor-size-sm\" href=\"https:\/\/gicopa.be\/index.php\/particuliers\/\">\n\t\t\t\t\t\t<span class=\"elementor-button-content-wrapper\">\n\t\t\t\t\t\t\t\t\t<span class=\"elementor-button-text\">o\u00f9 nous trouver ?<\/span>\n\t\t\t\t\t<\/span>\n\t\t\t\t\t<\/a>\n\t\t\t\t<\/div>\n\t\t\t\t\t\t\t\t<\/div>\n\t\t\t\t<\/div>\n\t\t\t\t\t<\/div>\n\t\t\t\t<\/div>\n\t\t\t\t<\/div>\n\t\t\t\t\t<\/div>\n\t\t\t\t<\/div>\n\t\t\t\t<\/div>\n\t\t","protected":false},"excerpt":{"rendered":"<p>Notre Histoire GIllard COnfiserie PAin d\u2019\u00e9pice L&rsquo;histoire de Gicopa (GIllard COnfiserie &amp; PAin d&rsquo;\u00e9pices) commence en 1895 au centre de Li\u00e8ge, dans une rue pi\u00e9tonne \u00e0 Herstal. Au quotidien Monsieur Gillard produit dans son atelier des bonbons \u00e0 base de sucre cuit, des biscuits comme le massepain cuit, des macarons, du pain d&rsquo;\u00e9pices ainsi que [&hellip;]<\/p>\n","protected":false},"author":2,"featured_media":0,"parent":0,"menu_order":0,"comment_status":"closed","ping_status":"closed","template":"","meta":{"_acf_changed":false,"footnotes":""},"class_list":["post-257","page","type-page","status-publish","hentry"],"acf":[],"yoast_head":"<!-- This site is optimized with the Yoast SEO plugin v27.4 - https:\/\/yoast.com\/product\/yoast-seo-wordpress\/ -->\n<title>notre histoire - Gicopa<\/title>\n<meta name=\"robots\" content=\"index, follow, max-snippet:-1, max-image-preview:large, max-video-preview:-1\" \/>\n<link rel=\"canonical\" href=\"https:\/\/gicopa.be\/index.php\/our-story\/\" \/>\n<meta property=\"og:locale\" content=\"fr_FR\" \/>\n<meta property=\"og:type\" content=\"article\" \/>\n<meta property=\"og:title\" content=\"notre histoire - Gicopa\" \/>\n<meta property=\"og:description\" content=\"Notre Histoire GIllard COnfiserie PAin d\u2019\u00e9pice L&rsquo;histoire de Gicopa (GIllard COnfiserie &amp; PAin d&rsquo;\u00e9pices) commence en 1895 au centre de Li\u00e8ge, dans une rue pi\u00e9tonne \u00e0 Herstal. Au quotidien Monsieur Gillard produit dans son atelier des bonbons \u00e0 base de sucre cuit, des biscuits comme le massepain cuit, des macarons, du pain d&rsquo;\u00e9pices ainsi que [&hellip;]\" \/>\n<meta property=\"og:url\" content=\"https:\/\/gicopa.be\/index.php\/our-story\/\" \/>\n<meta property=\"og:site_name\" content=\"Gicopa\" \/>\n<meta property=\"article:modified_time\" content=\"2024-09-23T07:44:09+00:00\" \/>\n<meta property=\"og:image\" content=\"https:\/\/gicopa.brand-building.be\/wp-content\/uploads\/2024\/03\/GICOPA___MR_ET_MME_GILLARD-copie-1-1.png\" \/>\n<meta name=\"twitter:card\" content=\"summary_large_image\" \/>\n<meta name=\"twitter:label1\" content=\"Dur\u00e9e de lecture estim\u00e9e\" \/>\n\t<meta name=\"twitter:data1\" content=\"2 minutes\" \/>\n<script type=\"application\/ld+json\" class=\"yoast-schema-graph\">{\"@context\":\"https:\\\/\\\/schema.org\",\"@graph\":[{\"@type\":\"WebPage\",\"@id\":\"https:\\\/\\\/gicopa.be\\\/index.php\\\/our-story\\\/\",\"url\":\"https:\\\/\\\/gicopa.be\\\/index.php\\\/our-story\\\/\",\"name\":\"notre histoire - Gicopa\",\"isPartOf\":{\"@id\":\"https:\\\/\\\/gicopa.be\\\/#website\"},\"primaryImageOfPage\":{\"@id\":\"https:\\\/\\\/gicopa.be\\\/index.php\\\/our-story\\\/#primaryimage\"},\"image\":{\"@id\":\"https:\\\/\\\/gicopa.be\\\/index.php\\\/our-story\\\/#primaryimage\"},\"thumbnailUrl\":\"https:\\\/\\\/gicopa.be\\\/wp-content\\\/uploads\\\/2024\\\/03\\\/GICOPA___MR_ET_MME_GILLARD-copie-1-1.png\",\"datePublished\":\"2024-03-13T08:25:05+00:00\",\"dateModified\":\"2024-09-23T07:44:09+00:00\",\"breadcrumb\":{\"@id\":\"https:\\\/\\\/gicopa.be\\\/index.php\\\/our-story\\\/#breadcrumb\"},\"inLanguage\":\"fr-FR\",\"potentialAction\":[{\"@type\":\"ReadAction\",\"target\":[\"https:\\\/\\\/gicopa.be\\\/index.php\\\/our-story\\\/\"]}]},{\"@type\":\"ImageObject\",\"inLanguage\":\"fr-FR\",\"@id\":\"https:\\\/\\\/gicopa.be\\\/index.php\\\/our-story\\\/#primaryimage\",\"url\":\"https:\\\/\\\/gicopa.be\\\/wp-content\\\/uploads\\\/2024\\\/03\\\/GICOPA___MR_ET_MME_GILLARD-copie-1-1.png\",\"contentUrl\":\"https:\\\/\\\/gicopa.be\\\/wp-content\\\/uploads\\\/2024\\\/03\\\/GICOPA___MR_ET_MME_GILLARD-copie-1-1.png\"},{\"@type\":\"BreadcrumbList\",\"@id\":\"https:\\\/\\\/gicopa.be\\\/index.php\\\/our-story\\\/#breadcrumb\",\"itemListElement\":[{\"@type\":\"ListItem\",\"position\":1,\"name\":\"Accueil\",\"item\":\"https:\\\/\\\/gicopa.be\\\/\"},{\"@type\":\"ListItem\",\"position\":2,\"name\":\"notre histoire\"}]},{\"@type\":\"WebSite\",\"@id\":\"https:\\\/\\\/gicopa.be\\\/#website\",\"url\":\"https:\\\/\\\/gicopa.be\\\/\",\"name\":\"Gicopa\",\"description\":\"Gicopa. La confiserie belge artisanale.\",\"publisher\":{\"@id\":\"https:\\\/\\\/gicopa.be\\\/#organization\"},\"potentialAction\":[{\"@type\":\"SearchAction\",\"target\":{\"@type\":\"EntryPoint\",\"urlTemplate\":\"https:\\\/\\\/gicopa.be\\\/?s={search_term_string}\"},\"query-input\":{\"@type\":\"PropertyValueSpecification\",\"valueRequired\":true,\"valueName\":\"search_term_string\"}}],\"inLanguage\":\"fr-FR\"},{\"@type\":\"Organization\",\"@id\":\"https:\\\/\\\/gicopa.be\\\/#organization\",\"name\":\"Gicopa\",\"url\":\"https:\\\/\\\/gicopa.be\\\/\",\"logo\":{\"@type\":\"ImageObject\",\"inLanguage\":\"fr-FR\",\"@id\":\"https:\\\/\\\/gicopa.be\\\/#\\\/schema\\\/logo\\\/image\\\/\",\"url\":\"https:\\\/\\\/gicopa.be\\\/wp-content\\\/uploads\\\/2023\\\/08\\\/LOGO-gicopa.svg\",\"contentUrl\":\"https:\\\/\\\/gicopa.be\\\/wp-content\\\/uploads\\\/2023\\\/08\\\/LOGO-gicopa.svg\",\"width\":1094,\"height\":606,\"caption\":\"Gicopa\"},\"image\":{\"@id\":\"https:\\\/\\\/gicopa.be\\\/#\\\/schema\\\/logo\\\/image\\\/\"}}]}<\/script>\n<!-- \/ Yoast SEO plugin. -->","yoast_head_json":{"title":"notre histoire - Gicopa","robots":{"index":"index","follow":"follow","max-snippet":"max-snippet:-1","max-image-preview":"max-image-preview:large","max-video-preview":"max-video-preview:-1"},"canonical":"https:\/\/gicopa.be\/index.php\/our-story\/","og_locale":"fr_FR","og_type":"article","og_title":"notre histoire - Gicopa","og_description":"Notre Histoire GIllard COnfiserie PAin d\u2019\u00e9pice L&rsquo;histoire de Gicopa (GIllard COnfiserie &amp; PAin d&rsquo;\u00e9pices) commence en 1895 au centre de Li\u00e8ge, dans une rue pi\u00e9tonne \u00e0 Herstal. Au quotidien Monsieur Gillard produit dans son atelier des bonbons \u00e0 base de sucre cuit, des biscuits comme le massepain cuit, des macarons, du pain d&rsquo;\u00e9pices ainsi que [&hellip;]","og_url":"https:\/\/gicopa.be\/index.php\/our-story\/","og_site_name":"Gicopa","article_modified_time":"2024-09-23T07:44:09+00:00","og_image":[{"url":"https:\/\/gicopa.brand-building.be\/wp-content\/uploads\/2024\/03\/GICOPA___MR_ET_MME_GILLARD-copie-1-1.png","type":"","width":"","height":""}],"twitter_card":"summary_large_image","twitter_misc":{"Dur\u00e9e de lecture estim\u00e9e":"2 minutes"},"schema":{"@context":"https:\/\/schema.org","@graph":[{"@type":"WebPage","@id":"https:\/\/gicopa.be\/index.php\/our-story\/","url":"https:\/\/gicopa.be\/index.php\/our-story\/","name":"notre histoire - Gicopa","isPartOf":{"@id":"https:\/\/gicopa.be\/#website"},"primaryImageOfPage":{"@id":"https:\/\/gicopa.be\/index.php\/our-story\/#primaryimage"},"image":{"@id":"https:\/\/gicopa.be\/index.php\/our-story\/#primaryimage"},"thumbnailUrl":"https:\/\/gicopa.be\/wp-content\/uploads\/2024\/03\/GICOPA___MR_ET_MME_GILLARD-copie-1-1.png","datePublished":"2024-03-13T08:25:05+00:00","dateModified":"2024-09-23T07:44:09+00:00","breadcrumb":{"@id":"https:\/\/gicopa.be\/index.php\/our-story\/#breadcrumb"},"inLanguage":"fr-FR","potentialAction":[{"@type":"ReadAction","target":["https:\/\/gicopa.be\/index.php\/our-story\/"]}]},{"@type":"ImageObject","inLanguage":"fr-FR","@id":"https:\/\/gicopa.be\/index.php\/our-story\/#primaryimage","url":"https:\/\/gicopa.be\/wp-content\/uploads\/2024\/03\/GICOPA___MR_ET_MME_GILLARD-copie-1-1.png","contentUrl":"https:\/\/gicopa.be\/wp-content\/uploads\/2024\/03\/GICOPA___MR_ET_MME_GILLARD-copie-1-1.png"},{"@type":"BreadcrumbList","@id":"https:\/\/gicopa.be\/index.php\/our-story\/#breadcrumb","itemListElement":[{"@type":"ListItem","position":1,"name":"Accueil","item":"https:\/\/gicopa.be\/"},{"@type":"ListItem","position":2,"name":"notre histoire"}]},{"@type":"WebSite","@id":"https:\/\/gicopa.be\/#website","url":"https:\/\/gicopa.be\/","name":"Gicopa","description":"Gicopa. La confiserie belge artisanale.","publisher":{"@id":"https:\/\/gicopa.be\/#organization"},"potentialAction":[{"@type":"SearchAction","target":{"@type":"EntryPoint","urlTemplate":"https:\/\/gicopa.be\/?s={search_term_string}"},"query-input":{"@type":"PropertyValueSpecification","valueRequired":true,"valueName":"search_term_string"}}],"inLanguage":"fr-FR"},{"@type":"Organization","@id":"https:\/\/gicopa.be\/#organization","name":"Gicopa","url":"https:\/\/gicopa.be\/","logo":{"@type":"ImageObject","inLanguage":"fr-FR","@id":"https:\/\/gicopa.be\/#\/schema\/logo\/image\/","url":"https:\/\/gicopa.be\/wp-content\/uploads\/2023\/08\/LOGO-gicopa.svg","contentUrl":"https:\/\/gicopa.be\/wp-content\/uploads\/2023\/08\/LOGO-gicopa.svg","width":1094,"height":606,"caption":"Gicopa"},"image":{"@id":"https:\/\/gicopa.be\/#\/schema\/logo\/image\/"}}]}},"_links":{"self":[{"href":"https:\/\/gicopa.be\/index.php\/wp-json\/wp\/v2\/pages\/257","targetHints":{"allow":["GET"]}}],"collection":[{"href":"https:\/\/gicopa.be\/index.php\/wp-json\/wp\/v2\/pages"}],"about":[{"href":"https:\/\/gicopa.be\/index.php\/wp-json\/wp\/v2\/types\/page"}],"author":[{"embeddable":true,"href":"https:\/\/gicopa.be\/index.php\/wp-json\/wp\/v2\/users\/2"}],"replies":[{"embeddable":true,"href":"https:\/\/gicopa.be\/index.php\/wp-json\/wp\/v2\/comments?post=257"}],"version-history":[{"count":173,"href":"https:\/\/gicopa.be\/index.php\/wp-json\/wp\/v2\/pages\/257\/revisions"}],"predecessor-version":[{"id":3382,"href":"https:\/\/gicopa.be\/index.php\/wp-json\/wp\/v2\/pages\/257\/revisions\/3382"}],"wp:attachment":[{"href":"https:\/\/gicopa.be\/index.php\/wp-json\/wp\/v2\/media?parent=257"}],"curies":[{"name":"wp","href":"https:\/\/api.w.org\/{rel}","templated":true}]}}